{"id":77,"date":"2019-08-27T21:44:25","date_gmt":"2019-08-27T19:44:25","guid":{"rendered":"http:\/\/marrom.pl\/?page_id=77"},"modified":"2023-12-16T10:32:06","modified_gmt":"2023-12-16T09:32:06","slug":"bezpieczenstwo","status":"publish","type":"page","link":"https:\/\/marrom.pl\/index.php\/bezpieczenstwo\/","title":{"rendered":"Bezpiecze\u0144stwo"},"content":{"rendered":"\t\t<div data-elementor-type=\"wp-page\" data-elementor-id=\"77\" class=\"elementor elementor-77\">\n\t\t\t\t\t\t<div class=\"elementor-inner\">\n\t\t\t\t<div class=\"elementor-section-wrap\">\n\t\t\t\t\t\t\t\t\t<section class=\"elementor-section elementor-top-section elementor-element elementor-element-4c0ddfd8 elementor-section-boxed elementor-section-height-default elementor-section-height-default\" data-id=\"4c0ddfd8\" data-element_type=\"section\">\n\t\t\t\t\t\t<div class=\"elementor-container elementor-column-gap-default\">\n\t\t\t\t\t\t\t<div class=\"elementor-row\">\n\t\t\t\t\t<div class=\"elementor-column elementor-col-100 elementor-top-column elementor-element elementor-element-22860435\" data-id=\"22860435\" data-element_type=\"column\">\n\t\t\t<div class=\"elementor-column-wrap elementor-element-populated\">\n\t\t\t\t\t\t\t<div class=\"elementor-widget-wrap\">\n\t\t\t\t\t\t<div class=\"elementor-element elementor-element-47f20631 elementor-widget elementor-widget-text-editor\" data-id=\"47f20631\" data-element_type=\"widget\" data-widget_type=\"text-editor.default\">\n\t\t\t\t<div class=\"elementor-widget-container\">\n\t\t\t\t\t\t\t\t<div class=\"elementor-text-editor elementor-clearfix\">\n\t\t\t\t<h1 style=\"text-align: center;\">\u00a0<\/h1><p>\u00a0<\/p><p style=\"text-align: center;\"><strong>Baza rozlewni gazu p\u0142ynnego przy ulicy Tokarskiej 3 w Radomiu jest zak\u0142adem o du\u017cym ryzyku wyst\u0105pienia powa\u017cnej awarii przemys\u0142owej.<\/strong><\/p><p style=\"text-align: center;\"><strong>Informacje na temat \u015brodk\u00f3w bezpiecze\u0144stwa i sposob\u00f3w post\u0119powania na wypadek wyst\u0105pienia powa\u017cnej awarii na terenie zak\u0142adu<br \/>Marian Janiszek i Wsp\u00f3lnicy\u00a0 MAR \u2013 ROM Sp. z o.o. w Radomiu przy ul. Tokarskiej.<\/strong><\/p><p>\u00a0<\/p><table class=\"wp-block-table\"><tbody><tr><td>\u00a0Nazwa powiatu, na terenie, kt\u00f3rego znajduje si\u0119 zak\u0142ad<\/td><td>\u00a0<strong>Radomski<\/strong><\/td><\/tr><tr><td>Oznaczenie prowadz\u0105cego zak\u0142ad, jego miejsce zamieszkania albo siedzib\u0119, num telefonu\/faksu i adres e-mail<\/td><td>\u00a0<strong>Marian Janiszek<\/strong><strong> i Wsp\u00f3lnicy\u00a0<\/strong><strong> MAR \u2013 ROM Sp. z o.o. <\/strong><strong>26 \u2013 505 Oro\u0144sko, Dobrut 18 B<\/strong><strong>tel. 48 \/ 618 41 91<\/strong><strong>fax. 48 \/ 618 42 55<\/strong><strong>e-mail:\u00a0<a href=\"mailto:biuro@marrom.pl\">biuro@marrom.pl<\/a><\/strong><\/td><\/tr><tr><td>\u00a0Nazwa, siedziba, adres strony internetowej zak\u0142adu, jego numer telefonu\/faksu i adres e-mail ze wskazaniem, czy jest to zak\u0142ad \u00a0\u00a0 o du\u017cym ryzyku czy zak\u0142ad o zwi\u0119kszonym ryzyku lub inny zak\u0142ad s\u0105siaduj\u0105cy<\/td><td><strong>Zak\u0142ad o zwi\u0119kszonym ryzyku wyst\u0105pienia powa\u017cnej awarii przemys\u0142owej \u2013 Marian Janiszek i Wsp\u00f3lnicy\u00a0 MAR \u2013 ROM Sp. o. o. <\/strong><strong>Oddzia\u0142 w Radomiu przy ul. Tokarskiej 3<\/strong><strong><a href=\"http:\/\/marrom.pl\/\">www.marrom.pl<\/a><\/strong><br \/><strong>tel. 48 \/ 332 94 90<\/strong><strong>fax. 48 \/ 332 09 10<\/strong><strong>e-mail:\u00a0<a href=\"mailto:Mariusz@marrom.pl\">mariusz@marrom.pl<\/a><\/strong><\/td><\/tr><\/tbody><\/table><p>Instrukcja post\u0119powania mieszka\u0144c\u00f3w na wypadek wyst\u0105pienia awarii dla rozlewni gazu\u00a0<strong>MAR \u2013 ROM<\/strong>zlokalizowanej w\u00a0<strong>Radomiu, ul. Tokarska 3.<\/strong><\/p><p><strong>1.\u00a0\u00a0\u00a0\u00a0\u00a0\u00a0\u00a0\u00a0\u00a0\u00a0<\/strong><strong>Charakterystyka zak\u0142adu.<\/strong><\/p><p>Rozlewnia gazu nale\u017c\u0105ca do firmy Marian Janiszek i Wsp\u00f3lnicy Sp\u00f3\u0142ka Jawna MAR \u2013ROM zlokalizowana jest w Radomiu, ul. Tokarska 3.<\/p><p>Rozlewni\u0119 stanowi\u0105 dwa zakopcowane zbiorniki o pojemno\u015bci V = 197 m<sup>3<\/sup>\u00a0ka\u017cdy oraz dwa naziemne zbiorniki o pojemno\u015bci\u00a0 V = 50, 4 m<sup>3<\/sup>\u00a0ka\u017cdy<\/p><p>(maksymalna pojemno\u015b\u0107 u\u017cytkowa jednego zbiornika wynosi ok. 85% pojemno\u015bci nominalnej \u2013 stan nape\u0142nienia zbiornik\u00f3w jest stale monitorowany).<\/p><p>Zbiornik o poj. V = 50, 4 m<sup>3<\/sup>\u00a0o nr fab. 421 jest pusty. Zakopcowane dwa zbiorniki na gaz przykryte s\u0105 warstw\u0105 ziemi o grubo\u015bci 0,5 m.<\/p><p>Naziemne zbiorniki posadowione sa na betonowy fundamentach o wytrzyma\u0142o\u015bci REI 120. Substancj\u0105 niebezpieczn\u0105 znajduj\u0105c\u0105 si\u0119 w zak\u0142adzie jest gaz p\u0142ynny.<\/p><p>Budynki na terenie zak\u0142adu to: rozlewnia z przej\u015bciowym magazynem butli, administracyjno \u2013 biurowy, warsztat, gospodarczy, socjalny.<\/p><p>Zak\u0142ad zajmuje si\u0119 magazynowaniem i dystrybucj\u0105 gazu p\u0142ynnego dostarczanego cysternami \u2013 transport drogowy jest mo\u017cliwo\u015b\u0107 i transportu kolejowego,<\/p><p>poniewa\u017c na terenie zak\u0142adu znajduje si\u0119 bocznica. Dystrybucja polega na rozlewaniu gazu do butli oraz tankowaniu cystern samochodowych.<\/p><p>Proces technologiczny w bazie mo\u017cna podzieli\u0107 na nast\u0119puj\u0105ce ci\u0105gi operacyjne: nape\u0142nianie i roz\u0142adunek autocystern, magazynowanie gazu p\u0142ynnego,<\/p><p>t\u0142oczenie gazu do urz\u0105dze\u0144 nape\u0142niaj\u0105cych, nape\u0142nianie butli przeno\u015bnych, magazynowanie i ekspedycja butli nape\u0142nionych. Zak\u0142ad z uwagi na ilo\u015b\u0107<\/p><p>magazynowanego na terenie rozlewni gazu w ilo\u015bci do\u00a0<strong>199 Mg<\/strong>\u00a0sklasyfikowany zosta\u0142, jako zak\u0142ad zwi\u0119kszonego ryzyka wyst\u0105pienia powa\u017cnej awarii<\/p><p>przemys\u0142owej (ZZR). Maksymalna ilo\u015b\u0107 gazu w zbiornikach, autocysternach, butlach i rozlewni wynosi\u00a0<strong>199 Mg<\/strong>.<\/p><p><strong>2.\u00a0\u00a0<\/strong><strong>Rodzaje zagro\u017ce\u0144 mo\u017cliwych do wyst\u0105pienia w zak\u0142adzie o zwi\u0119kszonym ryzyku wyst\u0105pienia powa\u017cnej awarii przemys\u0142owej.<\/strong><\/p><p>Zagro\u017ceniem wynikaj\u0105cym z magazynowania i prze\u0142adowywania p\u0142ynnego gazu jest jego wyciek, a nast\u0119pnie po\u017car spowodowany zapaleniem si\u0119 wycieku lub wybuchem chmury gazowej.<\/p><p>Wyciek mo\u017ce by\u0107 spowodowany awari\u0105 instalacji i wynikaj\u0105cym z niej rozszczelnieniem. Drug\u0105 przyczyn\u0105 wycieku mog\u0105 by\u0107 b\u0142\u0119dy w eksploatacji urz\u0105dze\u0144 bazy.<\/p><p>Wycieki mog\u0105, wi\u0119c wyst\u0105pi\u0107 poprzez urz\u0105dzenia odwadniaj\u0105ce, po\u0142\u0105czenia rur i elastycznych w\u0119\u017cy, armatur\u0119, zerwanie w\u0119\u017ca prze\u0142adunkowego,<\/p><p>uszczelki wa\u0142\u00f3w pomp i kompresor\u00f3w, katastroficzne p\u0119kniecie autocysterny z p\u0142ynnym gazem. Wyciek fazy gazowej w obszarze rozlewni gazu p\u0142ynnego wywo\u0142any<\/p><p>np. nieszczelno\u015bci\u0105 po\u0142\u0105czenia g\u0142owic nape\u0142niaj\u0105cych z butlami, powinien zosta\u0107 natychmiast wykryty przez detektor gazu, co z kolei powinno powodowa\u0107 dzia\u0142ania<\/p><p>maj\u0105ce na celu likwidacj\u0119 \u017ar\u00f3d\u0142a wycieku, przez odci\u0119cie dop\u0142ywu gazu. Prze\u0142adunek autocystern odbywa si\u0119 pod sta\u0142ym nadzorem pracownik\u00f3w bazy, kt\u00f3rzy w przypadku<\/p><p>powstania wycieku powinni wy\u0142\u0105czy\u0107 kompresory lub pompy i zamkn\u0105\u0107 zawory odcinaj\u0105ce przep\u0142yw fazy ciek\u0142ej i fazy gazowej. Dop\u0142yw gazu do wycieku zostanie w\u00f3wczas zatrzymany.<\/p><p>Zagro\u017cenia wyciekiem mog\u0105 by\u0107 spowodowane r\u00f3wnie\u017c przez nieszczelno\u015b\u0107 uszczelek pomp fazy ciek\u0142ej lub kompresora fazy gazowej, nieszczelno\u015bci uszczelek ko\u0142nierzowych<\/p><p>po\u0142\u0105cze\u0144 rur oraz uszczelnie\u0144 armatury. Faza gazowa jest ci\u0119\u017csza od powietrza, opada wi\u0119c w kierunku ziemi. W takcie tego opadania, szczeg\u00f3lnie w przypadku wietrznej pogody,<\/p><p>nast\u0119puje szybkie zmniejszenie st\u0119\u017cenia gazu w powietrzu poni\u017cej granicy wybuchowo\u015bci. Ponadto uruchomienie sta\u0142ych urz\u0105dze\u0144 ga\u015bniczych zraszaczowych, powoduje dodatkowe<\/p><p>str\u0105cenie gazu. Tym niemniej istnieje ryzyko wyst\u0105pienia niebezpiecznych st\u0119\u017ce\u0144 gazu w powietrzu. Znacznie wi\u0119ksze zagro\u017cenie mo\u017ce spowodowa\u0107 wyciek fazy ciek\u0142ej.<\/p><p>Zagro\u017cenia wywo\u0142ywane przez wyciek gazu to zagro\u017cenie toksycznego oddzia\u0142ywania na organizm ludzki, zagro\u017cenie ekologiczne szkodliwego oddzia\u0142ywania na gleb\u0119 i organizmy<\/p><p>\u017cywe, zagro\u017cenie po\u017carem, zagro\u017cenie powstania mieszaniny wybuchowej gazu z powietrzem, zagro\u017cenie \u201eBLEVE\u201d polegaj\u0105ce na wycieku cieczy o temperaturze wy\u017cszej od jej<\/p><p>temperatury wrzenia, przy ci\u015bnieniu atmosferycznym (cieczy przegrzanej) i jej gwa\u0142townego wybuchowego odparowania. Zagro\u017ceniu toksycznemu poddani s\u0105 w pierwszym<\/p><p>rz\u0119dzie pracownicy bazy. Zapobiegaj\u0105 temu zagro\u017ceniu urz\u0105dzenia wentylacyjne, czujniki gazu i alarmy oraz \u015brodki ochrony osobistej. Zagro\u017cenie ekologiczne wywo\u0142ywane<\/p><p>jest przez emisj\u0119 zanieczyszcze\u0144. Baza gazu p\u0142ynnego poza stanowiskiem nape\u0142niania butli w pomieszczeniu p\u00f3\u0142zamkni\u0119tym i zaopatrzonym w wentylacj\u0119 nie stanowi<\/p><p>typowego zak\u0142adu przemys\u0142owego o \u017ar\u00f3d\u0142ach zanieczyszcze\u0144 w postaci emitor\u00f3w. Dodatkowo wyst\u0119puj\u0105 emisje punktowe przy roz\u0142adunku cystern z gazem p\u0142ynnym,<\/p><p>czy \u0142adowaniu butli lub autocystern. Hermetyczno\u015b\u0107 ca\u0142ej instalacji ci\u015bnieniowej gazu p\u0142ynnego jest zasadniczym warunkiem prawid\u0142owego funkcjonowania bazy.<\/p><p>Propan i butan s\u0105 gazami chemicznie oboj\u0119tnymi i jako takie nie wchodz\u0105 w reakcje z otoczeniem (powietrze, woda, ziemia) w warunkach normalnych. Wp\u0142yw propanu<\/p><p>i butanu na wegetacj\u0119 ro\u015blin nawet w bliskiej odleg\u0142o\u015bci od bazy, z uwagi na ich ma\u0142\u0105 toksyczno\u015b\u0107, mo\u017cna uzna\u0107 za znikomy. Rozpuszczalno\u015b\u0107 w wodzie propanu i butanu<\/p><p>jest niewielka, st\u0105d wody opadowe oraz odprowadzane \u015bcieki z terenu bazy nie nios\u0105 \u0142adunku normowanych zanieczyszcze\u0144. Zagro\u017cenie ekologiczne mo\u017ce powsta\u0107<\/p><p>przy d\u0142ugotrwa\u0142ym przes\u0105czaniu si\u0119 gazu do gleby przez ma\u0142y wyciek. Zagro\u017ceniami o najwi\u0119kszych skutkach mog\u0105 by\u0107 po\u017car i wybuch gazu.<\/p><p><strong>3.\u00a0\u00a0\u00a0\u00a0\u00a0\u00a0\u00a0\u00a0\u00a0\u00a0<\/strong><strong>Sposoby powiadamiania i alarmowania mieszka\u0144c\u00f3w, w\u0142a\u015bciwych dla ka\u017cdego rodzaju zagro\u017cenia, o kt\u00f3rym mowa powy\u017cej.<\/strong><\/p><table class=\"wp-block-table\"><tbody><tr><td>Sposoby powiadamiania i alarmowania mieszka\u0144c\u00f3w, w\u0142a\u015bciwych dla ka\u017cdego rodzaju zagro\u017cenia, o kt\u00f3rym mowa powy\u017cej<\/td><\/tr><tr><td>Interwencyjnie<\/td><td>Przekaz ustny, telefoniczny, poprzez urz\u0105dzenia nag\u0142a\u015bniaj\u0105cePrzekazy radiowe i telewizyjne\u0141\u0105czno\u015b\u0107 telefoniczna<\/td><\/tr><tr><td>Informacja bie\u017c\u0105ca<\/td><td>InternetMedia<\/td><\/tr><tr><td>Planowane<\/td><td>Syrena alarmowaSystem wczesnego powiadamiania mieszka\u0144c\u00f3wSMS-ami<\/td><\/tr><\/tbody><\/table><p><strong>4.\u00a0\u00a0\u00a0\u00a0\u00a0\u00a0\u00a0\u00a0\u00a0\u00a0<\/strong><strong>Sposoby zachowania si\u0119 mieszka\u0144c\u00f3w na wypadek wyst\u0105pienia zagro\u017ce\u0144, o kt\u00f3rych mowa powy\u017cej.<\/strong><\/p><p>Po powzi\u0119ciu informacji o zagro\u017ceniu nie nale\u017cy zbli\u017ca\u0107 si\u0119 do rejonu zagro\u017cenia. Przebywaj\u0105c na terenie otwartym nale\u017cy zwr\u00f3ci\u0107 uwag\u0119 na kierunek wiatru i opu\u015bci\u0107<\/p><p>zagro\u017cony teren prostopadle lub przeciwnie do jego kierunku. Nie nale\u017cy zbli\u017ca\u0107 si\u0119 do rejonu zdarzenia. Nale\u017cy post\u0119powa\u0107 zgodnie z poleceniami zawartymi w komunikatach<\/p><p>radiowych, telewizyjnych lub przekazywanych przez ruchome \u015brodki nag\u0142a\u015bniaj\u0105ce. Przebywaj\u0105c w pomieszczeniu, domu, biurze, sklepie nale\u017cy w\u0142\u0105czy\u0107 telewizor lub radioodbiornik<\/p><p>i ustawi\u0107 go na cz\u0119stotliwo\u015b\u0107 stacji lokalnej. Po zapoznaniu si\u0119 z nadawanymi komunikatami i zapoznaniu z zasadami post\u0119powania w zaistnia\u0142ej sytuacji, nale\u017cy bezwzgl\u0119dnie<\/p><p>wykonywa\u0107 przekazywane polecenia wydawane przez lokalne w\u0142adze lub s\u0142u\u017cby ratownicze. Nie nale\u017cy u\u017cywa\u0107 otwartych \u017ar\u00f3de\u0142 ognia (piece, papierosy itp.).<\/p><p>W razie potrzeby nale\u017cy uszczelni\u0107 otwory okienne drzwiowe i wentylacyjne i przygotowa\u0107 si\u0119 do ewentualnej ewakuacji. Nale\u017cy pami\u0119ta\u0107, o mo\u017cliwo\u015bci wyst\u0105pienia zagro\u017cenia<\/p><p>lub awarii w sytuacji, kiedy us\u0142yszymy wybuch, zaobserwujemy unosz\u0105cy si\u0119 dym, zaobserwujemy wzmo\u017cony ruch pojazd\u00f3w s\u0142u\u017cb ratowniczych. Emisja gazu do atmosfery<\/p><p>mo\u017ce by\u0107 r\u00f3wnie\u017c widoczna b\u0105d\u017a wyczuwalna. W przypadku wyst\u0105pienia kt\u00f3regokolwiek z symptom\u00f3w \u015bwiadcz\u0105cych o awarii b\u0105d\u017a zagro\u017ceniu, nale\u017cy by\u0107 przygotowanym<\/p><p>do ewakuacji. W przypadku og\u0142oszonej ewakuacji nale\u017cy zachowa\u0107 spok\u00f3j oraz post\u0119powa\u0107 zgodnie z wydawanymi poleceniami. W trakcie ewakuacji nale\u017cy zachowa\u0107<\/p><p>szczeg\u00f3ln\u0105 ostro\u017cno\u015b\u0107 i w miar\u0119 posiadanych mo\u017cliwo\u015bci, by\u0107 pomocnym dla innych uczestnik\u00f3w ewakuacji. Nie nale\u017cy utrudnia\u0107 ewakuacji innym osobom.<\/p><p><strong>5.\u00a0\u00a0\u00a0\u00a0\u00a0\u00a0\u00a0\u00a0\u00a0\u00a0<\/strong><strong>Wykaz telefon\u00f3w alarmowych oraz adres\u00f3w i telefon\u00f3w wojew\u00f3dzkich, powiatowych i gminnych organ\u00f3w i s\u0142u\u017cb odpowiedzialnych za podj\u0119cie dzia\u0142a\u0144\u00a0<\/strong><strong>operacyjno \u2013 ratowniczych.<\/strong><\/p><p><strong>Telefony alarmowe:<\/strong><\/p><table class=\"wp-block-table\"><tbody><tr><td><strong>L.p.<\/strong><\/td><td><strong>Jednostka<\/strong><\/td><td><strong>Adres<\/strong><\/td><td><strong>Telefon alarmowy<\/strong><\/td><td><strong>Telefon<\/strong><\/td><\/tr><tr><td>\u00a01<\/td><td>\u00a0S\u0142u\u017cby Ratownicze<\/td><td>\u00a0<\/td><td><strong>112<\/strong><\/td><td>\u00a0<\/td><\/tr><tr><td>\u00a02<\/td><td>\u00a0Stra\u017c Po\u017carna<\/td><td>\u00a0KMPSP26 \u2013 600 Radomul. Traugutta 57<\/td><td><strong>998<\/strong><\/td><td>\u00a048 \/ 368 89 00<\/td><\/tr><tr><td>\u00a03<\/td><td>\u00a0Stra\u017c Po\u017carna<\/td><td>\u00a0JRGPSP26 \u2013 600 Radomul. Potkanowska 50<\/td><td><strong>998<\/strong><\/td><td>\u00a048 \/ 332 28 94<\/td><\/tr><tr><td>\u00a04<\/td><td>\u00a0Policja<\/td><td><em>KMP<\/em><em>26 \u2013 600 Radom<\/em><em>ul. 11-go Listopada 37\/59<\/em><\/td><td><strong>997<\/strong><\/td><td>\u00a0<em>48 \/ 345 26 30<\/em><\/td><\/tr><tr><td>\u00a05<\/td><td>\u00a0Pogotowie Ratunkowe<\/td><td>\u00a0RSPR26 \u2013 600 Radomul. Adolfa Tochtermana 1<\/td><td><strong>999<\/strong><\/td><td>\u00a048 \/ 362 48 47<\/td><\/tr><tr><td>\u00a06<\/td><td>\u00a0Stra\u017c Miejska<\/td><td>\u00a0SM26 \u2013 600 Radomul. Moniuszki 9<\/td><td>\u00a0<strong>986<\/strong><\/td><td>\u00a048 \/ 362 04 64<\/td><\/tr><tr><td>\u00a07<\/td><td>\u00a0Pogotowie Gazowe<\/td><td>PG26 \u2013 606 Radomul. Gazowa 11\/13<\/td><td>\u00a0<strong>992<\/strong><\/td><td>\u00a0<\/td><\/tr><tr><td>\u00a08<\/td><td>\u00a0Pogotowie Energetyczne<\/td><td>\u00a0PE26 \u2013 604\u00a0Radom\u00a0ul. \u015arednia 49<\/td><td>\u00a0<strong>991<\/strong><\/td><td>\u00a048 \/ 365 70 00<\/td><\/tr><tr><td>\u00a09<\/td><td>\u00a0Pogotowie Wodoci\u0105gowe<\/td><td>\u00a026 \u2013 600 Radomul. Filtrowa 4<\/td><td>\u00a0<strong>994<\/strong><\/td><td>\u00a0<strong>48\u00a0 \/ 383 15 98<\/strong><\/td><\/tr><tr><td>\u00a010<\/td><td>\u00a0Powiatowa Stacja Sanitarno \u2013 Epidemiologiczna<\/td><td><strong>PSSE<\/strong><strong>26 \u2013 600 Radom<\/strong><strong>ul. gen. Leopolda Okulickiego 9D\u00a0<\/strong><\/td><td>\u00a0<\/td><td>\u00a048 \/ 345 15 89<\/td><\/tr><tr><td>\u00a011<\/td><td>\u00a0Powiatowy Inspektor Nadzoru Budowlanego\u00a0\u00a0\u00a0\u00a0\u00a0\u00a0\u00a0\u00a0\u00a0\u00a0\u00a0\u00a0\u00a0 w mie\u015bcie Radomiu<\/td><td>\u00a0PSNB26 \u2013 600 Radomul. Wjazdowa 4<\/td><td>\u00a0<\/td><td>\u00a048 \/ 366 20 04<\/td><\/tr><tr><td>\u00a012<\/td><td>\u00a0Mazowiecki Urz\u0105d Wojew\u00f3dzki w Warszawie\u00a0Wojew\u00f3dzkie Centrum Zarz\u0105dzania Kryzysowego<\/td><td>\u00a0MUW w W00 \u2013 950 Warszawapl. Bankowy 3 \/ 5<\/td><td>\u00a0<strong>987<\/strong><\/td><td>\u00a022 \/ 595 13 0122 \/ 595 13 00\u00a022 \/ 620 19 40<\/td><\/tr><tr><td>\u00a013<\/td><td>\u00a0Urz\u0105d Miejski w Radomiu \u2013 Wydzia\u0142 Bezpiecze\u0144stwa, Zarz\u0105dzania Kryzysowego\u00a0\u00a0\u00a0\u00a0\u00a0\u00a0\u00a0\u00a0\u00a0\u00a0\u00a0 i Ochrony<\/td><td>\u00a026 \u2013 600 Radomul. Moniuszki 9<\/td><td>\u00a0<\/td><td>\u00a048 \/ 262 03 34<\/td><\/tr><tr><td>\u00a014<\/td><td>\u00a0Urz\u0105d Miejski w Radomiu<\/td><td>\u00a026 \u2013 600 Radom<br \/>ul. Jana Kili\u0144skiego 30<\/td><td>\u00a0<\/td><td>\u00a048 \/ 362 04 1948 \/ 362 04 24<\/td><\/tr><tr><td>\u00a015<\/td><td>\u00a0Wojew\u00f3dzki Inspektorat Ochrony \u015arodowiska\u00a0\u00a0\u00a0\u00a0\u00a0\u00a0\u00a0\u00a0\u00a0\u00a0\u00a0\u00a0\u00a0\u00a0\u00a0\u00a0\u00a0 w Warszawie Delegatura\u00a0\u00a0\u00a0\u00a0\u00a0\u00a0\u00a0\u00a0\u00a0\u00a0\u00a0\u00a0\u00a0 w Radomiu<\/td><td>\u00a026 \u2013 600 radomul. Pu\u0142awskiego 9<\/td><td>\u00a0<\/td><td>\u00a048 \/ 364 00 4648 \/ 364 00 47<\/td><\/tr><tr><td>\u00a016<\/td><td>\u00a0Kierownik rozlewni<\/td><td>\u00a026 \u2013 600 Radomul. Tokarska 3<\/td><td>\u00a0<\/td><td>\u00a048\u00a0332 94 90<\/td><\/tr><\/tbody><\/table><p><strong>6.\u00a0\u00a0\u00a0\u00a0\u00a0\u00a0\u00a0\u00a0\u00a0\u00a0<\/strong><strong>Inne kwestie, wa\u017cne dla bezpiecze\u0144stwa mieszka\u0144c\u00f3w.<\/strong><\/p><p>Na terenie Rozlewni Gazu P\u0142ynnego nale\u017cy stosowa\u0107 si\u0119 do zasad bezpiecze\u0144stwa obowi\u0105zuj\u0105cych w zak\u0142adzie. Nale\u017cy informowa\u0107 kierownictwo zak\u0142adu lub odpowiedzialne<\/p><p>s\u0142u\u017cby o stwierdzonych zagro\u017ceniach lub przypuszczeniu wyst\u0105pienia awarii lub zagro\u017cenia. Analiza prawdopodobie\u0144stwa wyst\u0105pienia wybranych zdarze\u0144 awaryjnych oraz symulacje<\/p><p>potencjalnych skutk\u00f3w reprezentatywnych zdarze\u0144 awaryjnych polegaj\u0105cych na:<\/p><p>\u2013\u00a0 katastroficznym p\u0119kni\u0119ciu zbiornika magazynowego \u2013 zdarzenie najgorsze w skutkach,<\/p><p>\u2013\u00a0 p\u0119kni\u0119ciu przewodu odwadniaj\u0105cego zbiornik na ca\u0142ym przekroju powy\u017cej zawor\u00f3w zamykaj\u0105cych \u2013 zdarzenia reprezentuj\u0105ce przecieki spowodowane nieszczelno\u015bci\u0105 instalacji,<\/p><p>\u2013\u00a0 zerwanie w\u0119\u017ca za\u0142adunkowego na ca\u0142ym przekroju \u2013 zdarzenie dotycz\u0105ce mechanicznie najs\u0142abszego elementu instalacji procesowych bazy,<\/p><p>\u2013\u00a0 p\u0119kni\u0119cie butli z gazem w magazynie butli i dalsze uszkodzenie nast\u0119pnych 10 butli<\/p><p>\u2013 zdarzenie daj\u0105ce w wyniku \u201eefektu domino\u201d przez p\u0119kni\u0119cie nast\u0119pnych butli, uwolnienie znacz\u0105cej ilo\u015bci gazu,<\/p><p>s\u0105 dost\u0119pne do wgl\u0105du w opracowanym przez zak\u0142ad Programie Zapobiegania Powa\u017cnym Awariom dla bazy gazu p\u0142ynnego w Radomiu przy ul. Tokarskiej 3.<\/p><p>Program zapobiegania Powa\u017cnym Awariom Przemys\u0142owym znajduje si\u0119 na terenie zak\u0142adu oraz w Komendzie Miejskiej Pa\u0144stwowej Stra\u017cy Po\u017carnej w Radomiu.<\/p>\t\t\t\t\t<\/div>\n\t\t\t\t\t\t<\/div>\n\t\t\t\t<\/div>\n\t\t\t\t\t\t<\/div>\n\t\t\t\t\t<\/div>\n\t\t<\/div>\n\t\t\t\t\t\t\t\t<\/div>\n\t\t\t\t\t<\/div>\n\t\t<\/section>\n\t\t\t\t\t\t\t\t\t<\/div>\n\t\t\t<\/div>\n\t\t\t\t\t<\/div>\n\t\t","protected":false},"excerpt":{"rendered":"<p>\u00a0 \u00a0 Baza rozlewni gazu p\u0142ynnego przy ulicy Tokarskiej 3 w Radomiu jest zak\u0142adem o du\u017cym ryzyku wyst\u0105pienia powa\u017cnej awarii przemys\u0142owej. Informacje na temat \u015brodk\u00f3w bezpiecze\u0144stwa i sposob\u00f3w post\u0119powania na&nbsp;[ &hellip; ]<\/p>\n","protected":false},"author":1,"featured_media":0,"parent":0,"menu_order":0,"comment_status":"closed","ping_status":"closed","template":"page-templates\/template_fullwidth.php","meta":[],"_links":{"self":[{"href":"https:\/\/marrom.pl\/index.php\/wp-json\/wp\/v2\/pages\/77"}],"collection":[{"href":"https:\/\/marrom.pl\/index.php\/wp-json\/wp\/v2\/pages"}],"about":[{"href":"https:\/\/marrom.pl\/index.php\/wp-json\/wp\/v2\/types\/page"}],"author":[{"embeddable":true,"href":"https:\/\/marrom.pl\/index.php\/wp-json\/wp\/v2\/users\/1"}],"replies":[{"embeddable":true,"href":"https:\/\/marrom.pl\/index.php\/wp-json\/wp\/v2\/comments?post=77"}],"version-history":[{"count":7,"href":"https:\/\/marrom.pl\/index.php\/wp-json\/wp\/v2\/pages\/77\/revisions"}],"predecessor-version":[{"id":521,"href":"https:\/\/marrom.pl\/index.php\/wp-json\/wp\/v2\/pages\/77\/revisions\/521"}],"wp:attachment":[{"href":"https:\/\/marrom.pl\/index.php\/wp-json\/wp\/v2\/media?parent=77"}],"curies":[{"name":"wp","href":"https:\/\/api.w.org\/{rel}","templated":true}]}}