{"id":40,"date":"2019-08-27T21:17:12","date_gmt":"2019-08-27T19:17:12","guid":{"rendered":"http:\/\/marrom.pl\/?page_id=40"},"modified":"2025-05-14T11:27:29","modified_gmt":"2025-05-14T09:27:29","slug":"kontakt","status":"publish","type":"page","link":"https:\/\/marrom.pl\/index.php\/kontakt\/","title":{"rendered":"Kontakt"},"content":{"rendered":"\t\t<div data-elementor-type=\"wp-page\" data-elementor-id=\"40\" class=\"elementor elementor-40\">\n\t\t\t\t\t\t<div class=\"elementor-inner\">\n\t\t\t\t<div class=\"elementor-section-wrap\">\n\t\t\t\t\t\t\t\t\t<section class=\"elementor-section elementor-top-section elementor-element elementor-element-387e7fc0 elementor-section-boxed elementor-section-height-default elementor-section-height-default\" data-id=\"387e7fc0\" data-element_type=\"section\">\n\t\t\t\t\t\t<div class=\"elementor-container elementor-column-gap-default\">\n\t\t\t\t\t\t\t<div class=\"elementor-row\">\n\t\t\t\t\t\t\t\t\t<\/div>\n\t\t\t\t\t<\/div>\n\t\t<\/section>\n\t\t\t\t<section class=\"elementor-section elementor-top-section elementor-element elementor-element-baeb89b elementor-section-boxed elementor-section-height-default elementor-section-height-default\" data-id=\"baeb89b\" data-element_type=\"section\">\n\t\t\t\t\t\t<div class=\"elementor-container elementor-column-gap-default\">\n\t\t\t\t\t\t\t<div class=\"elementor-row\">\n\t\t\t\t\t<div class=\"elementor-column elementor-col-50 elementor-top-column elementor-element elementor-element-2e65c564\" data-id=\"2e65c564\" data-element_type=\"column\">\n\t\t\t<div class=\"elementor-column-wrap elementor-element-populated\">\n\t\t\t\t\t\t\t<div class=\"elementor-widget-wrap\">\n\t\t\t\t\t\t<div class=\"elementor-element elementor-element-42aa572c elementor-widget elementor-widget-text-editor\" data-id=\"42aa572c\" data-element_type=\"widget\" data-widget_type=\"text-editor.default\">\n\t\t\t\t<div class=\"elementor-widget-container\">\n\t\t\t\t\t\t\t\t<div class=\"elementor-text-editor elementor-clearfix\">\n\t\t\t\t<header>\n<h1><span style=\"font-size: 16px;\">Sekretariat<\/span><\/h1>\n<\/header>\n<div>\n<div>\n<div>\n<div>\n<div>\n<div data-index=\"0\">\n<div>\n<p>tel.&nbsp; &nbsp; <strong>+48 48 332 94 90<\/strong>,<\/p>\n<p style=\"padding-left: 40px;\"><strong>+48 48 332 94 80<\/strong>,<\/p>\n<p>mobile: <strong>+48 500 219 990<\/strong><\/p>\n<p>e-mail:&nbsp;<a href=\"mailto:mariusz@marrom.pl\">mariusz@marrom.pl<\/a><br><a href=\"http:\/\/marrom.pl\/index.php\/formularz-kontaktowy\/\">Formularz kontaktowy<\/a><\/p>\n<\/div>\n<\/div>\n<\/div>\n<div>\n<div data-index=\"1\">\n<h3>&nbsp;<\/h3>\n<div>\n<h5>DOSTAWY GAZU LPG<\/h5>\n<p>tel.&nbsp; &nbsp; &nbsp; &nbsp; <strong>+48 48 332 94 90<\/strong><\/p>\n<p>mobile: <strong>+48 507 167 360<\/strong><\/p>\n<p>e-mail:&nbsp;<a href=\"mailto:iwona@marrom.pl\">iwona@marrom.pl<\/a><br><a href=\"http:\/\/marrom.pl\/index.php\/formularz-kontaktowy-dostawy-gazu-lpg\/\">Formularz kontaktowy<\/a><\/p>\n<\/div>\n<\/div>\n<\/div>\n<div>\n<div data-index=\"2\">\n<h3>&nbsp;<\/h3>\n<div>\n<h5>BUTLE Z GAZEM<\/h5>\n<p>tel.&nbsp; &nbsp; &nbsp; &nbsp; <strong>+48 48 332 94 90<\/strong><\/p>\n<p>mobile: <strong>+48 513 154 383<\/strong><\/p>\n<p>e-mail:&nbsp;<a href=\"mailto:handlowiec@marrom.pl\">p.fraczek@marrom.pl<\/a><br><a href=\"http:\/\/marrom.pl\/index.php\/formularz-kontaktowy-butle-z-gazem\/\">Formularz kontaktowy<\/a><\/p>\n<\/div>\n<\/div>\n<\/div>\n<\/div>\n<\/div>\n<div>\n<div>\n<div>\n<div data-index=\"3\">\n<h3>&nbsp;<\/h3>\n<div>\n<h5>BUDOWA STACJI LPG I INSTALACJI PRZYDOMOWYCH<\/h5>\n<p><\/p>\n<p>tel.&nbsp; &nbsp; &nbsp; &nbsp; <strong>+48 48 332 94 80<\/strong><\/p>\n<p>mobile: <strong>+48 507 167 355<\/strong><\/p>\n<p>e-mail:&nbsp;<a href=\"mailto:marketing@marrom.pl\">marketing@marrom.pl<\/a><br><a href=\"http:\/\/marrom.pl\/index.php\/formularz-kontaktowy-budowa-stacji-lpg-i-instalacji-przydomowych\/\">Formularz kontaktowy<\/a><\/p>\n<p><span style=\"color: var( --e-global-color-text ); font-family: var( --e-global-typography-text-font-family ), Sans-serif; font-weight: var( --e-global-typography-text-font-weight );\">&nbsp;<\/span><\/p>\n<h5>DZIA\u0141 HANDLOWY<\/h5>\n<p><span style=\"color: var( --e-global-color-text ); font-family: var( --e-global-typography-text-font-family ), Sans-serif; font-weight: var( --e-global-typography-text-font-weight );\">tel.&nbsp; <\/span><strong style=\"color: var( --e-global-color-text ); font-family: var( --e-global-typography-text-font-family ), Sans-serif;\">+48 48 332 94 90<\/strong><\/p>\n<p>mobile: <strong>507 031 651<\/strong><\/p>\n<p>email: <a href=\"mailto:handlowy@marrom.pl\">handlowy@marrom.pl<\/a><\/p>\n<p><a href=\"http:\/\/marrom.pl\/index.php\/formularz-kontaktowy-budowa-stacji-lpg-i-instalacji-przydomowych-2\/\">Formularz kontaktowy&nbsp;<\/a><\/p>\n<\/div>\n<\/div>\n<\/div>\n<div>\n<div data-index=\"4\">\n<h3>&nbsp;<\/h3>\n<div>\n<h5>DOSTAWY GAZ\u00d3W DO CEL\u00d3W GRZEWCZYCH I TECHNOLOGICZNYCH<\/h5>\n<p>tel.&nbsp; &nbsp; &nbsp; &nbsp; <strong>+48 48 332 94 80<\/strong><\/p>\n<p>mobile: <strong>+48 536 915 915<\/strong><\/p>\n<p>e-mail:&nbsp;<a href=\"mailto:iwona@marrom.pl\" style=\"background-color: rgb(255, 255, 255); transition-property: all;\">iwona@marrom.pl<\/a><br><a href=\"http:\/\/marrom.pl\/index.php\/formularz-kontaktowy-dostawy-gazow-do-celow-grzewczych-i-technologicznych\/\">Formularz kontaktowy<\/a><\/p>\n<\/div>\n<\/div>\n<\/div>\n<div>\n<div data-index=\"5\">\n<h3>&nbsp;<\/h3>\n<div>\n<h5>DOSTAWY PALIW P\u0141YNNYCH (PB, ON), OLEJU OPA\u0141OWEGO DO CEL\u00d3W GRZEWCZYCH<\/h5>\n<p>tel.&nbsp; &nbsp; &nbsp; &nbsp; <strong>+48 48 332 94 80<\/strong><\/p>\n<p>mobile: <strong>+48 500 146 075<\/strong><\/p>\n<p>e-mail:&nbsp;<a href=\"mailto:kinga@marrom.pl\">kinga@marrom.pl<\/a><\/p>\n<p><a href=\"http:\/\/marrom.pl\/index.php\/formularz-kontaktowy-dostawy-paliw-plynnych-pb-on-oleju-opalowego-do-celow-grzewczych\/\">Formularz kontaktowy<\/a><\/p>\n<h3>&nbsp;<\/h3>\n<div>\n<h5><span style=\"font-size: 16px;\">WYW\u00d3Z NIECZYSTO\u015aCI P\u0141YNNYCH (SZAMBO)<\/span><\/h5>\n<\/div>\n<\/div>\n<p>tel.&nbsp; &nbsp; &nbsp; &nbsp; <strong>+48 48 332 94 80<\/strong><\/p>\n<p>e-mail:&nbsp;<a href=\"mailto:mariusz@marrom.pl\" style=\"background-color: rgb(255, 255, 255); transition-property: all;\">mariusz@marrom.pl<\/a><br><a href=\"http:\/\/marrom.pl\/index.php\/formularz-kontaktowy-wywoz-nieczystosci-plynnych-szambo\/\">Formularz kontaktowy<\/a><\/p>\n<\/div>\n<\/div>\n<\/div>\n<\/div>\n<\/div>\n<\/div>\t\t\t\t\t<\/div>\n\t\t\t\t\t\t<\/div>\n\t\t\t\t<\/div>\n\t\t\t\t\t\t<\/div>\n\t\t\t\t\t<\/div>\n\t\t<\/div>\n\t\t\t\t<div class=\"elementor-column elementor-col-50 elementor-top-column elementor-element elementor-element-8b7498e\" data-id=\"8b7498e\" data-element_type=\"column\">\n\t\t\t<div class=\"elementor-column-wrap elementor-element-populated\">\n\t\t\t\t\t\t\t<div class=\"elementor-widget-wrap\">\n\t\t\t\t\t\t<div class=\"elementor-element elementor-element-bd817d6 elementor-widget elementor-widget-google_maps\" data-id=\"bd817d6\" data-element_type=\"widget\" data-widget_type=\"google_maps.default\">\n\t\t\t\t<div class=\"elementor-widget-container\">\n\t\t\t\t\t<div class=\"elementor-custom-embed\">\n\t\t\t<iframe frameborder=\"0\" scrolling=\"no\" marginheight=\"0\" marginwidth=\"0\"\n\t\t\t\t\tsrc=\"https:\/\/maps.google.com\/maps?q=Tokarska%2C%20Radom&#038;t=m&#038;z=12&#038;output=embed&#038;iwloc=near\"\n\t\t\t\t\ttitle=\"Tokarska, Radom\"\n\t\t\t\t\taria-label=\"Tokarska, Radom\"\n\t\t\t><\/iframe>\n\t\t<\/div>\n\t\t\t\t<\/div>\n\t\t\t\t<\/div>\n\t\t\t\t\t\t<\/div>\n\t\t\t\t\t<\/div>\n\t\t<\/div>\n\t\t\t\t\t\t\t\t<\/div>\n\t\t\t\t\t<\/div>\n\t\t<\/section>\n\t\t\t\t\t\t\t\t\t<\/div>\n\t\t\t<\/div>\n\t\t\t\t\t<\/div>\n\t\t","protected":false},"excerpt":{"rendered":"<p>Sekretariat tel.&nbsp; &nbsp; +48 48 332 94 90, +48 48 332 94 80, mobile: +48 500 219 990 e-mail:&nbsp;mariusz@marrom.plFormularz kontaktowy &nbsp; DOSTAWY GAZU LPG tel.&nbsp; &nbsp; &nbsp; &nbsp; +48 48&nbsp;[ &hellip; ]<\/p>\n","protected":false},"author":1,"featured_media":0,"parent":0,"menu_order":0,"comment_status":"closed","ping_status":"closed","template":"page-templates\/template_fullwidth.php","meta":[],"_links":{"self":[{"href":"https:\/\/marrom.pl\/index.php\/wp-json\/wp\/v2\/pages\/40"}],"collection":[{"href":"https:\/\/marrom.pl\/index.php\/wp-json\/wp\/v2\/pages"}],"about":[{"href":"https:\/\/marrom.pl\/index.php\/wp-json\/wp\/v2\/types\/page"}],"author":[{"embeddable":true,"href":"https:\/\/marrom.pl\/index.php\/wp-json\/wp\/v2\/users\/1"}],"replies":[{"embeddable":true,"href":"https:\/\/marrom.pl\/index.php\/wp-json\/wp\/v2\/comments?post=40"}],"version-history":[{"count":61,"href":"https:\/\/marrom.pl\/index.php\/wp-json\/wp\/v2\/pages\/40\/revisions"}],"predecessor-version":[{"id":646,"href":"https:\/\/marrom.pl\/index.php\/wp-json\/wp\/v2\/pages\/40\/revisions\/646"}],"wp:attachment":[{"href":"https:\/\/marrom.pl\/index.php\/wp-json\/wp\/v2\/media?parent=40"}],"curies":[{"name":"wp","href":"https:\/\/api.w.org\/{rel}","templated":true}]}}