{"id":38,"date":"2019-08-27T21:16:40","date_gmt":"2019-08-27T19:16:40","guid":{"rendered":"http:\/\/marrom.pl\/?page_id=38"},"modified":"2022-01-04T10:21:41","modified_gmt":"2022-01-04T09:21:41","slug":"wywoz-nieczystosci","status":"publish","type":"page","link":"https:\/\/marrom.pl\/index.php\/wywoz-nieczystosci\/","title":{"rendered":"Wyw\u00f3z nieczysto\u015bci"},"content":{"rendered":"\t\t<div data-elementor-type=\"wp-page\" data-elementor-id=\"38\" class=\"elementor elementor-38\">\n\t\t\t\t\t\t<div class=\"elementor-inner\">\n\t\t\t\t<div class=\"elementor-section-wrap\">\n\t\t\t\t\t\t\t\t\t<section class=\"elementor-section elementor-top-section elementor-element elementor-element-735dbe5f elementor-section-boxed elementor-section-height-default elementor-section-height-default\" data-id=\"735dbe5f\" data-element_type=\"section\">\n\t\t\t\t\t\t<div class=\"elementor-container elementor-column-gap-default\">\n\t\t\t\t\t\t\t<div class=\"elementor-row\">\n\t\t\t\t\t<div class=\"elementor-column elementor-col-100 elementor-top-column elementor-element elementor-element-2cd6eb0f\" data-id=\"2cd6eb0f\" data-element_type=\"column\">\n\t\t\t<div class=\"elementor-column-wrap elementor-element-populated\">\n\t\t\t\t\t\t\t<div class=\"elementor-widget-wrap\">\n\t\t\t\t\t\t<div class=\"elementor-element elementor-element-4d14444b elementor-widget elementor-widget-text-editor\" data-id=\"4d14444b\" data-element_type=\"widget\" data-widget_type=\"text-editor.default\">\n\t\t\t\t<div class=\"elementor-widget-container\">\n\t\t\t\t\t\t\t\t<div class=\"elementor-text-editor elementor-clearfix\">\n\t\t\t\t<header class=\"entry-header\"><h1 class=\"entry-title\"><strong style=\"font-size: 16px;\">Wyw\u00f3z nieczysto\u015bci p\u0142ynnych (szambo)<\/strong><\/h1><\/header><div class=\"entry-content\"><div id=\"pl-gb386-5d658186de801\" class=\"panel-layout\"><div id=\"pg-gb386-5d658186de801-0\" class=\"panel-grid panel-has-style\"><div class=\"panel-row-style panel-row-style-for-gb386-5d658186de801-0\"><div id=\"pgc-gb386-5d658186de801-0-0\" class=\"panel-grid-cell\"><div id=\"panel-gb386-5d658186de801-0-0-0\" class=\"so-panel widget widget_text panel-first-child panel-last-child\" data-index=\"0\"><div class=\"textwidget\"><p>Firma Mar-Rom \u015bwiadczy us\u0142ug\u0119 asenizacyjn\u0105, w zakresie wywozu nieczysto\u015bci p\u0142ynnych z szamb, przydomowych oczyszczalni \u015bciek\u00f3w , zbiornik\u00f3w wody deszczowej, oraz osadnik\u00f3w na terenie powiatu radomskiego.<\/p><p>Nasz\u0105 ofert\u0119 kierujemy zar\u00f3wno do klient\u00f3w indywidualnych jak i przedsi\u0119biorstw, oraz instytucji publicznych.<\/p><p>Posiadamy przystosowane samochody, jak r\u00f3wnie\u017c wysoko wykwalifikowanych pracownik\u00f3w, dzi\u0119ki czemu jeste\u015bmy w stanie wykona\u0107 us\u0142ug\u0119 opr\u00f3\u017cnienia szamba bez konieczno\u015bci udzia\u0142u ani asysty klienta.<\/p><p>Nasze us\u0142ugi realizujemy w oparciu o najwy\u017csze standardy jako\u015bci.<\/p><p>Oferujemy kr\u00f3tki czas realizacji zam\u00f3wienia.<\/p><p>Zlecenia wywozu nieczysto\u015bci p\u0142ynnych mo\u017cna dokona\u0107 w nast\u0119puj\u0105cy spos\u00f3b:<\/p><ol><li>Telefonicznie pod nr 536915915<\/li><li>Poprzez <a href=\"http:\/\/marrom.pl\/index.php\/formularz-kontaktowy-wywoz-nieczystosci-plynnych-szambo\/\">formularz kontaktowy\u00a0<\/a><\/li><\/ol><\/div><\/div><\/div><\/div><\/div><\/div><\/div>\t\t\t\t\t<\/div>\n\t\t\t\t\t\t<\/div>\n\t\t\t\t<\/div>\n\t\t\t\t\t\t<\/div>\n\t\t\t\t\t<\/div>\n\t\t<\/div>\n\t\t\t\t\t\t\t\t<\/div>\n\t\t\t\t\t<\/div>\n\t\t<\/section>\n\t\t\t\t\t\t\t\t\t<\/div>\n\t\t\t<\/div>\n\t\t\t\t\t<\/div>\n\t\t","protected":false},"excerpt":{"rendered":"<p>Wyw\u00f3z nieczysto\u015bci p\u0142ynnych (szambo) Firma Mar-Rom \u015bwiadczy us\u0142ug\u0119 asenizacyjn\u0105, w zakresie wywozu nieczysto\u015bci p\u0142ynnych z szamb, przydomowych oczyszczalni \u015bciek\u00f3w , zbiornik\u00f3w wody deszczowej, oraz osadnik\u00f3w na terenie powiatu radomskiego. Nasz\u0105&nbsp;[ &hellip; ]<\/p>\n","protected":false},"author":1,"featured_media":0,"parent":0,"menu_order":0,"comment_status":"closed","ping_status":"closed","template":"page-templates\/template_fullwidth.php","meta":[],"_links":{"self":[{"href":"https:\/\/marrom.pl\/index.php\/wp-json\/wp\/v2\/pages\/38"}],"collection":[{"href":"https:\/\/marrom.pl\/index.php\/wp-json\/wp\/v2\/pages"}],"about":[{"href":"https:\/\/marrom.pl\/index.php\/wp-json\/wp\/v2\/types\/page"}],"author":[{"embeddable":true,"href":"https:\/\/marrom.pl\/index.php\/wp-json\/wp\/v2\/users\/1"}],"replies":[{"embeddable":true,"href":"https:\/\/marrom.pl\/index.php\/wp-json\/wp\/v2\/comments?post=38"}],"version-history":[{"count":12,"href":"https:\/\/marrom.pl\/index.php\/wp-json\/wp\/v2\/pages\/38\/revisions"}],"predecessor-version":[{"id":336,"href":"https:\/\/marrom.pl\/index.php\/wp-json\/wp\/v2\/pages\/38\/revisions\/336"}],"wp:attachment":[{"href":"https:\/\/marrom.pl\/index.php\/wp-json\/wp\/v2\/media?parent=38"}],"curies":[{"name":"wp","href":"https:\/\/api.w.org\/{rel}","templated":true}]}}