{"id":34,"date":"2019-08-27T21:16:04","date_gmt":"2019-08-27T19:16:04","guid":{"rendered":"http:\/\/marrom.pl\/?page_id=34"},"modified":"2021-12-30T11:10:50","modified_gmt":"2021-12-30T10:10:50","slug":"instalacje-gazowe","status":"publish","type":"page","link":"https:\/\/marrom.pl\/index.php\/instalacje-gazowe\/","title":{"rendered":"Instalacje Gazowe"},"content":{"rendered":"\t\t<div data-elementor-type=\"wp-post\" data-elementor-id=\"34\" class=\"elementor elementor-34\">\n\t\t\t\t\t\t<div class=\"elementor-inner\">\n\t\t\t\t<div class=\"elementor-section-wrap\">\n\t\t\t\t\t\t\t\t\t<section class=\"elementor-section elementor-top-section elementor-element elementor-element-22b1da05 elementor-section-boxed elementor-section-height-default elementor-section-height-default\" data-id=\"22b1da05\" data-element_type=\"section\">\n\t\t\t\t\t\t<div class=\"elementor-container elementor-column-gap-default\">\n\t\t\t\t\t\t\t<div class=\"elementor-row\">\n\t\t\t\t\t<div class=\"elementor-column elementor-col-100 elementor-top-column elementor-element elementor-element-30b73c8e\" data-id=\"30b73c8e\" data-element_type=\"column\">\n\t\t\t<div class=\"elementor-column-wrap elementor-element-populated\">\n\t\t\t\t\t\t\t<div class=\"elementor-widget-wrap\">\n\t\t\t\t\t\t<div class=\"elementor-element elementor-element-2420fff7 elementor-widget elementor-widget-text-editor\" data-id=\"2420fff7\" data-element_type=\"widget\" data-widget_type=\"text-editor.default\">\n\t\t\t\t<div class=\"elementor-widget-container\">\n\t\t\t\t\t\t\t\t<div class=\"elementor-text-editor elementor-clearfix\">\n\t\t\t\t<p>Pomo\u017cemy Ci na ka\u017cdym etapie inwestycji, przygotujemy wymagan\u0105 dokumentacj\u0119 projektow\u0105, wykonamy instalacj\u0119 zbiornikow\u0105 i przygotujemy dokumentacj\u0119 powykonawcz\u0105 do UDT i nadzoru budowlanego.<br \/>Gwarantujemy minimaln\u0105 ingerencj\u0119 na Twojej posesji, a nasza profesjonalna kadra zadba o ka\u017cdy szczeg\u00f3\u0142.<\/p><h1>PRZYDATNE INFORMACJE<\/h1><p><strong>Gaz p\u0142ynny<\/strong> jest \u017ar\u00f3d\u0142em energii powszechnie stosowany w gospodarstwach domowych. Wykorzystywany jest nie tylko w <strong>nowo budowanych domach<\/strong>, ale tak\u017ce w tych <strong>ju\u017c zamieszkanych i remontowanych<\/strong>, jak i w <strong>budownictwie wielomieszkaniowym<\/strong> czy w <strong>osiedlach mieszkaniowych<\/strong>.<\/p><p>W budynkach wielomieszkaniowych i na osiedlach domk\u00f3w jednorodzinnych stosuje si\u0119 system sieci gazowych, w kt\u00f3rym ka\u017cdy dom lub mieszkanie ma dost\u0119p do sieci gazowej.<\/p><p>Sie\u0107 gazowa mo\u017ce by\u0107 zasilana ze zbiornik\u00f3w magazynowych zlokalizowanych w jednym miejscu lub z kilku r\u00f3\u017cnych miejsc (grup zbiornik\u00f3w) dla poszczeg\u00f3lnych budynk\u00f3w, je\u015bli rozwi\u0105zanie takie jest bardziej efektywne.<\/p><p>Instalacje zbiornikowe na gaz p\u0142ynny s\u0105 dostosowane do indywidualnych potrzeb. W zale\u017cno\u015bci od wyst\u0119puj\u0105cego zapotrzebowania na energi\u0119 projektuje si\u0119 instalacj\u0119 z doborem odpowiedniej bazy magazynowej zbiornika, zapewniaj\u0105c\u0105 optymaln\u0105 prac\u0119 urz\u0105dze\u0144. Instalacje zbiornikowe w zale\u017cno\u015bci od zapotrzebowania na gaz mog\u0105 sk\u0142ada\u0107 si\u0119 z pojedynczych zbiornik\u00f3w lub z baterii zbiornik\u00f3w, kt\u00f3re mog\u0105 by\u0107 rozmieszczone sekwencyjnie, w zale\u017cno\u015bci od lokalizacji, w kt\u00f3rej wyst\u0119puje zapotrzebowanie na energi\u0119. Instalacja zbiornikowa na gaz p\u0142ynny to bezpiecze\u0144stwo, wysokiej jako\u015bci gaz, niezale\u017cno\u015b\u0107, komfort, wygoda i sprawny serwis.<\/p><p>\u00a0<\/p><h2>Instalacja zewn\u0119trzna:<\/h2><p><strong><em><u>Urz\u0105dzenia montowane standardowo to:<\/u><\/em><\/strong><\/p><ul><li>Zbiornik naziemny lub podziemny,<\/li><li>Reduktor I stopnia,<\/li><li>Zaw\u00f3r kulowy do gazu,<\/li><li>Reduktor II stopnia,<\/li><li>Obudowa Reduktora II stopnia,<\/li><li>rura PE, armatura, itp.<\/li><\/ul><h1><strong><em><u>DODATKOWA OPCJA:<\/u><\/em><\/strong><\/h1><p><strong><u>System detekcji gazu<\/u><\/strong><\/p><p><strong>\u00a0<\/strong><\/p><p><strong>System detekcji gazu zestaw sk\u0142ada si\u0119 z<\/strong>\u00a0<strong>detektor propan-butanu DK &#8211; 15 sterowany mikroprocesorem montowany w pomieszczeniu gdzie znajduje si\u0119 kocio\u0142 i elektrozaworu DN 20 montowanego na zewn\u0105trz budynku (w skrzynce gazowej) gdy zostanie przekroczone dopuszczalne st\u0119\u017cenie gazu detektor gazu wy\u015ble sygna\u0142 wizualno &#8211; akustyczny oraz wy\u015ble impuls do eletrozaworu kt\u00f3ry to zamknie dop\u0142yw gazu do budynku.\u00a0<\/strong><\/p><p><u>Ochrona katodowa do podziemnego zbiornika<\/u><\/p><p><strong>\u00a0<\/strong><\/p><p><strong>Ochrona katodowa jest metod\u0105 ochrony przed korozj\u0105, wsp\u00f3\u0142dzia\u0142aj\u0105c\u0105 i uzupe\u0142niaj\u0105c\u0105 tradycyjne metody izolacji antykorozyjnych.<\/strong> Ochrona katodowa stosowana jest dla obiekt\u00f3w stalowych (zbiornik\u00f3w, ruroci\u0105g\u00f3w itp.) znajduj\u0105cych si\u0119 na lub w gruncie. Jej podstawow\u0105 funkcj\u0105 jest zabezpieczenie miejsc, w kt\u00f3rych izolacja jest niewystarczaj\u0105ca (pocienienia, uszkodzenia, b\u0142\u0119dy monta\u017cowe, utrata w\u0142asno\u015bci ochronnych pow\u0142oki z up\u0142ywem czasu). Ochrona katodowa ca\u0142kowicie zatrzymuje wszystkie procesy korozyjne. \u0141\u0105czne stosowanie izolacji i ochrony katodowej daje gwarancj\u0119 pe\u0142nego zabezpieczenia antykorozyjnego. Dzia\u0142anie ochrony katodowej zapobiega wp\u0142ywom pr\u0105d\u00f3w b\u0142\u0105dz\u0105cych, korozji mikrobiologicznej oraz korozyjnemu oddzia\u0142ywaniu bezpo\u015bredniego otoczenia. Wyb\u00f3r metody ochrony katodowej zale\u017cy od w\u0142asno\u015bci chronionego obiektu i otoczenia, dokonywany jest na podstawie pomiar\u00f3w i bada\u0144.<\/p><p><strong>Podsumowanie dodatnich cech stosowania ochrony katodowej<\/strong><\/p><p><strong>\u00a0<\/strong><\/p><ul><li>stanowi najskuteczniejszy i ekonomicznie op\u0142acalny system antykorozyjny przed\u0142u\u017caj\u0105cy \u017cywotno\u015b\u0107 chronionych konstrukcji (ruroci\u0105g\u00f3w, zbiornik\u00f3w podziemnych);<\/li><li>instalacja ochrony katodowej jest inwestycj\u0105 op\u0142acaln\u0105, w por\u00f3wnaniu z wielokrotnie wy\u017cszymi kosztami wymiany skorodowanego zbiornika, remont\u00f3w, przerw w eksploatacji, kar i koszt\u00f3w usuwania ska\u017cenia \u015brodowiska;<\/li><li>ochrona katodowa doskonale wsp\u00f3\u0142pracuje z klasyczn\u0105 izolacj\u0105 antykorozyjn\u0105, samoczynnie dzia\u0142aj\u0105c tam, gdzie istniej\u0105 lub pojawiaj\u0105 si\u0119 ubytki izolacji;<\/li><li>prawid\u0142owo zaprojektowana i wykonana ochrona katodowa nie wymaga okresowych uzupe\u0142nie\u0144, za wyj\u0105tkiem prostej wymiany niekt\u00f3rych typ\u00f3w elektrod aktywnych ulegaj\u0105cych zu\u017cyciu,<\/li><li>metoda ochrony katodowej jest skuteczna przez d\u0142ugie lata,<\/li><li><strong><u>dla zbiornik\u00f3w podziemnych organ w\u0142a\u015bciwej jednostki dozoru technicznego, w przypadku wyposa\u017cenia zbiornik\u00f3w w funkcjonuj\u0105c\u0105 elektrochemiczn\u0105 ochron\u0119 przed korozj\u0105, mo\u017ce przesun\u0105\u0107 termin wykonania rewizji wewn\u0119trznej albo wyrazi\u0107 zgod\u0119 na zast\u0105pienie jej innymi badaniami, uwzgl\u0119dniaj\u0105c, \u017ce powinna ona by\u0107 wykonywana nie rzadziej ni\u017c co 10 lat. (Dz. U. z 2003 r. nr 135, poz. 1269 )<\/u><\/strong><\/li><\/ul>\t\t\t\t\t<\/div>\n\t\t\t\t\t\t<\/div>\n\t\t\t\t<\/div>\n\t\t\t\t\t\t<\/div>\n\t\t\t\t\t<\/div>\n\t\t<\/div>\n\t\t\t\t\t\t\t\t<\/div>\n\t\t\t\t\t<\/div>\n\t\t<\/section>\n\t\t\t\t\t\t\t\t\t<\/div>\n\t\t\t<\/div>\n\t\t\t\t\t<\/div>\n\t\t","protected":false},"excerpt":{"rendered":"<p>Pomo\u017cemy Ci na ka\u017cdym etapie inwestycji, przygotujemy wymagan\u0105 dokumentacj\u0119 projektow\u0105, wykonamy instalacj\u0119 zbiornikow\u0105 i przygotujemy dokumentacj\u0119 powykonawcz\u0105 do UDT i nadzoru budowlanego.Gwarantujemy minimaln\u0105 ingerencj\u0119 na Twojej posesji, a nasza profesjonalna&nbsp;[ &hellip; ]<\/p>\n","protected":false},"author":1,"featured_media":0,"parent":0,"menu_order":0,"comment_status":"closed","ping_status":"closed","template":"page-templates\/template_fullwidth.php","meta":[],"_links":{"self":[{"href":"https:\/\/marrom.pl\/index.php\/wp-json\/wp\/v2\/pages\/34"}],"collection":[{"href":"https:\/\/marrom.pl\/index.php\/wp-json\/wp\/v2\/pages"}],"about":[{"href":"https:\/\/marrom.pl\/index.php\/wp-json\/wp\/v2\/types\/page"}],"author":[{"embeddable":true,"href":"https:\/\/marrom.pl\/index.php\/wp-json\/wp\/v2\/users\/1"}],"replies":[{"embeddable":true,"href":"https:\/\/marrom.pl\/index.php\/wp-json\/wp\/v2\/comments?post=34"}],"version-history":[{"count":39,"href":"https:\/\/marrom.pl\/index.php\/wp-json\/wp\/v2\/pages\/34\/revisions"}],"predecessor-version":[{"id":322,"href":"https:\/\/marrom.pl\/index.php\/wp-json\/wp\/v2\/pages\/34\/revisions\/322"}],"wp:attachment":[{"href":"https:\/\/marrom.pl\/index.php\/wp-json\/wp\/v2\/media?parent=34"}],"curies":[{"name":"wp","href":"https:\/\/api.w.org\/{rel}","templated":true}]}}