{"id":32,"date":"2019-08-27T21:15:47","date_gmt":"2019-08-27T19:15:47","guid":{"rendered":"http:\/\/marrom.pl\/?page_id=32"},"modified":"2022-01-18T08:48:10","modified_gmt":"2022-01-18T07:48:10","slug":"paliwa-plynne","status":"publish","type":"page","link":"https:\/\/marrom.pl\/index.php\/paliwa-plynne\/","title":{"rendered":"Paliwa p\u0142ynne"},"content":{"rendered":"\t\t<div data-elementor-type=\"wp-page\" data-elementor-id=\"32\" class=\"elementor elementor-32\">\n\t\t\t\t\t\t<div class=\"elementor-inner\">\n\t\t\t\t<div class=\"elementor-section-wrap\">\n\t\t\t\t\t\t\t\t\t<section class=\"elementor-section elementor-top-section elementor-element elementor-element-1fd2d4d2 elementor-section-boxed elementor-section-height-default elementor-section-height-default\" data-id=\"1fd2d4d2\" data-element_type=\"section\">\n\t\t\t\t\t\t<div class=\"elementor-container elementor-column-gap-default\">\n\t\t\t\t\t\t\t<div class=\"elementor-row\">\n\t\t\t\t\t<div class=\"elementor-column elementor-col-100 elementor-top-column elementor-element elementor-element-5c593171\" data-id=\"5c593171\" data-element_type=\"column\">\n\t\t\t<div class=\"elementor-column-wrap elementor-element-populated\">\n\t\t\t\t\t\t\t<div class=\"elementor-widget-wrap\">\n\t\t\t\t\t\t<div class=\"elementor-element elementor-element-cb89044 elementor-widget elementor-widget-text-editor\" data-id=\"cb89044\" data-element_type=\"widget\" data-widget_type=\"text-editor.default\">\n\t\t\t\t<div class=\"elementor-widget-container\">\n\t\t\t\t\t\t\t\t<div class=\"elementor-text-editor elementor-clearfix\">\n\t\t\t\t<header class=\"entry-header\"><p class=\"entry-title\"><span style=\"font-size: 16px;\">Oferujemy dostawy paliw p\u0142ynnych na stacje paliw:<\/span><\/p><ul><li class=\"entry-title\"><span style=\"font-size: 16px;\">Pb 95, <\/span><\/li><li class=\"entry-title\"><span style=\"font-size: 16px;\">Pb98, <\/span><\/li><li class=\"entry-title\"><span style=\"font-size: 16px;\">ON<\/span><\/li><\/ul><\/header><div class=\"entry-content\"><p>Produkty przez nasz oferowane pochodz\u0105 z terminali na terenie kraju.<\/p><p>Paliwa s\u0105 wysokiej jako\u015bci i ka\u017cdorazowo potwierdzamy to \u015bwiadectwem do\u0142\u0105czonym do dostawy.<\/p><p>Ceny dla klient\u00f3w hurtowych s\u0105 oparte na notowaniach i s\u0105 ustalane ka\u017cdorazowo przed dostaw\u0105.<\/p><p>Realizujemy r\u00f3wnie\u017c dostawy dla rolnik\u00f3w i firm transportowych w atrakcyjnej cenie i na dogodnych warunkach.<\/p><p>W naszej ofercie posiadamy r\u00f3wnie\u017c olej opa\u0142owy do cel\u00f3w grzewczych i technologicznych.<\/p><p>W zwi\u0105zku z wej\u015bciem w \u017cycie ustawy o systemie monitorowania przewozu paliw i wymaganiami jakie obliguj\u0105 odbiorc\u00f3w zgodnie z wytycznymi jeste\u015bmy gotowi do pomocy przy przeprowadzeniu procedury rejestracyjnej na portalu PUESC.GOV.PL jak\u0105 musi przej\u015b\u0107 ka\u017cdy odbiorca paliwa.<\/p><p>Zapraszamy do kontaktu:<\/p><ol><li>Telefonicznie pod nr +48 500 146 075<\/li><li>Poprzez\u00a0<a href=\"http:\/\/marrom.pl\/index.php\/formularz-kontaktowy-dostawy-paliw-plynnych-pb-on-oleju-opalowego-do-celow-grzewczych\/\">formularz kontaktowy<\/a>\u00a0<\/li><\/ol><\/div>\t\t\t\t\t<\/div>\n\t\t\t\t\t\t<\/div>\n\t\t\t\t<\/div>\n\t\t\t\t\t\t<\/div>\n\t\t\t\t\t<\/div>\n\t\t<\/div>\n\t\t\t\t\t\t\t\t<\/div>\n\t\t\t\t\t<\/div>\n\t\t<\/section>\n\t\t\t\t\t\t\t\t\t<\/div>\n\t\t\t<\/div>\n\t\t\t\t\t<\/div>\n\t\t","protected":false},"excerpt":{"rendered":"<p>Oferujemy dostawy paliw p\u0142ynnych na stacje paliw: Pb 95, Pb98, ON Produkty przez nasz oferowane pochodz\u0105 z terminali na terenie kraju. Paliwa s\u0105 wysokiej jako\u015bci i ka\u017cdorazowo potwierdzamy to \u015bwiadectwem&nbsp;[ &hellip; ]<\/p>\n","protected":false},"author":1,"featured_media":0,"parent":0,"menu_order":0,"comment_status":"closed","ping_status":"closed","template":"page-templates\/template_fullwidth.php","meta":[],"_links":{"self":[{"href":"https:\/\/marrom.pl\/index.php\/wp-json\/wp\/v2\/pages\/32"}],"collection":[{"href":"https:\/\/marrom.pl\/index.php\/wp-json\/wp\/v2\/pages"}],"about":[{"href":"https:\/\/marrom.pl\/index.php\/wp-json\/wp\/v2\/types\/page"}],"author":[{"embeddable":true,"href":"https:\/\/marrom.pl\/index.php\/wp-json\/wp\/v2\/users\/1"}],"replies":[{"embeddable":true,"href":"https:\/\/marrom.pl\/index.php\/wp-json\/wp\/v2\/comments?post=32"}],"version-history":[{"count":9,"href":"https:\/\/marrom.pl\/index.php\/wp-json\/wp\/v2\/pages\/32\/revisions"}],"predecessor-version":[{"id":393,"href":"https:\/\/marrom.pl\/index.php\/wp-json\/wp\/v2\/pages\/32\/revisions\/393"}],"wp:attachment":[{"href":"https:\/\/marrom.pl\/index.php\/wp-json\/wp\/v2\/media?parent=32"}],"curies":[{"name":"wp","href":"https:\/\/api.w.org\/{rel}","templated":true}]}}