{"id":30,"date":"2019-08-27T21:15:23","date_gmt":"2019-08-27T19:15:23","guid":{"rendered":"http:\/\/marrom.pl\/?page_id=30"},"modified":"2021-12-31T14:52:24","modified_gmt":"2021-12-31T13:52:24","slug":"gaz-w-butlach","status":"publish","type":"page","link":"https:\/\/marrom.pl\/index.php\/gaz-w-butlach\/","title":{"rendered":"Gaz w butlach"},"content":{"rendered":"\t\t<div data-elementor-type=\"wp-page\" data-elementor-id=\"30\" class=\"elementor elementor-30\">\n\t\t\t\t\t\t<div class=\"elementor-inner\">\n\t\t\t\t<div class=\"elementor-section-wrap\">\n\t\t\t\t\t\t\t\t\t<section class=\"elementor-section elementor-top-section elementor-element elementor-element-19ec30e elementor-section-boxed elementor-section-height-default elementor-section-height-default\" data-id=\"19ec30e\" data-element_type=\"section\">\n\t\t\t\t\t\t<div class=\"elementor-container elementor-column-gap-default\">\n\t\t\t\t\t\t\t<div class=\"elementor-row\">\n\t\t\t\t\t<div class=\"elementor-column elementor-col-100 elementor-top-column elementor-element elementor-element-ca47419\" data-id=\"ca47419\" data-element_type=\"column\">\n\t\t\t<div class=\"elementor-column-wrap elementor-element-populated\">\n\t\t\t\t\t\t\t<div class=\"elementor-widget-wrap\">\n\t\t\t\t\t\t<div class=\"elementor-element elementor-element-83dec2a elementor-widget elementor-widget-image-gallery\" data-id=\"83dec2a\" data-element_type=\"widget\" data-widget_type=\"image-gallery.default\">\n\t\t\t\t<div class=\"elementor-widget-container\">\n\t\t\t\t\t<div class=\"elementor-image-gallery\">\n\t\t\t<div id='gallery-1' class='gallery galleryid-30 gallery-columns-4 gallery-size-thumbnail'><figure class='gallery-item'>\n\t\t\t<div class='gallery-icon landscape'>\n\t\t\t\t<a data-elementor-open-lightbox=\"yes\" data-elementor-lightbox-slideshow=\"83dec2a\" data-elementor-lightbox-title=\"butla-05kg\" e-action-hash=\"#elementor-action%3Aaction%3Dlightbox%26settings%3DeyJpZCI6ODMsInVybCI6Imh0dHBzOlwvXC9tYXJyb20ucGxcL3dwLWNvbnRlbnRcL3VwbG9hZHNcLzIwMTlcLzA4XC9idXRsYS0wNWtnLTMwMHgzMDAuanBnIiwic2xpZGVzaG93IjoiODNkZWMyYSJ9\" href='https:\/\/marrom.pl\/wp-content\/uploads\/2019\/08\/butla-05kg-300x300.jpg'><img width=\"150\" height=\"150\" src=\"https:\/\/marrom.pl\/wp-content\/uploads\/2019\/08\/butla-05kg-300x300-150x150.jpg\" class=\"attachment-thumbnail size-thumbnail\" alt=\"\" loading=\"lazy\" aria-describedby=\"gallery-1-83\" srcset=\"https:\/\/marrom.pl\/wp-content\/uploads\/2019\/08\/butla-05kg-300x300-150x150.jpg 150w, https:\/\/marrom.pl\/wp-content\/uploads\/2019\/08\/butla-05kg-300x300.jpg 300w\" sizes=\"(max-width: 150px) 100vw, 150px\" \/><\/a>\n\t\t\t<\/div>\n\t\t\t\t<figcaption class='wp-caption-text gallery-caption' id='gallery-1-83'>\n\t\t\t\t0,5 kg\n\t\t\t\t<\/figcaption><\/figure><figure class='gallery-item'>\n\t\t\t<div class='gallery-icon landscape'>\n\t\t\t\t<a data-elementor-open-lightbox=\"yes\" data-elementor-lightbox-slideshow=\"83dec2a\" data-elementor-lightbox-title=\"butla-1-kg\" e-action-hash=\"#elementor-action%3Aaction%3Dlightbox%26settings%3DeyJpZCI6ODAsInVybCI6Imh0dHBzOlwvXC9tYXJyb20ucGxcL3dwLWNvbnRlbnRcL3VwbG9hZHNcLzIwMTlcLzA4XC9idXRsYS0xLWtnLTMwMHgzMDAuanBnIiwic2xpZGVzaG93IjoiODNkZWMyYSJ9\" href='https:\/\/marrom.pl\/wp-content\/uploads\/2019\/08\/butla-1-kg-300x300.jpg'><img width=\"150\" height=\"150\" src=\"https:\/\/marrom.pl\/wp-content\/uploads\/2019\/08\/butla-1-kg-300x300-150x150.jpg\" class=\"attachment-thumbnail size-thumbnail\" alt=\"\" loading=\"lazy\" aria-describedby=\"gallery-1-80\" srcset=\"https:\/\/marrom.pl\/wp-content\/uploads\/2019\/08\/butla-1-kg-300x300-150x150.jpg 150w, https:\/\/marrom.pl\/wp-content\/uploads\/2019\/08\/butla-1-kg-300x300.jpg 300w\" sizes=\"(max-width: 150px) 100vw, 150px\" \/><\/a>\n\t\t\t<\/div>\n\t\t\t\t<figcaption class='wp-caption-text gallery-caption' id='gallery-1-80'>\n\t\t\t\t1 kg\n\t\t\t\t<\/figcaption><\/figure><figure class='gallery-item'>\n\t\t\t<div class='gallery-icon landscape'>\n\t\t\t\t<a data-elementor-open-lightbox=\"yes\" data-elementor-lightbox-slideshow=\"83dec2a\" data-elementor-lightbox-title=\"butla-2kg\" e-action-hash=\"#elementor-action%3Aaction%3Dlightbox%26settings%3DeyJpZCI6ODEsInVybCI6Imh0dHBzOlwvXC9tYXJyb20ucGxcL3dwLWNvbnRlbnRcL3VwbG9hZHNcLzIwMTlcLzA4XC9idXRsYS0ya2ctMzAweDMwMC5qcGciLCJzbGlkZXNob3ciOiI4M2RlYzJhIn0%3D\" href='https:\/\/marrom.pl\/wp-content\/uploads\/2019\/08\/butla-2kg-300x300.jpg'><img width=\"150\" height=\"150\" src=\"https:\/\/marrom.pl\/wp-content\/uploads\/2019\/08\/butla-2kg-300x300-150x150.jpg\" class=\"attachment-thumbnail size-thumbnail\" alt=\"\" loading=\"lazy\" aria-describedby=\"gallery-1-81\" srcset=\"https:\/\/marrom.pl\/wp-content\/uploads\/2019\/08\/butla-2kg-300x300-150x150.jpg 150w, https:\/\/marrom.pl\/wp-content\/uploads\/2019\/08\/butla-2kg-300x300.jpg 300w\" sizes=\"(max-width: 150px) 100vw, 150px\" \/><\/a>\n\t\t\t<\/div>\n\t\t\t\t<figcaption class='wp-caption-text gallery-caption' id='gallery-1-81'>\n\t\t\t\t2 kg\n\t\t\t\t<\/figcaption><\/figure><figure class='gallery-item'>\n\t\t\t<div class='gallery-icon landscape'>\n\t\t\t\t<a data-elementor-open-lightbox=\"yes\" data-elementor-lightbox-slideshow=\"83dec2a\" data-elementor-lightbox-title=\"butla-3kg\" e-action-hash=\"#elementor-action%3Aaction%3Dlightbox%26settings%3DeyJpZCI6ODIsInVybCI6Imh0dHBzOlwvXC9tYXJyb20ucGxcL3dwLWNvbnRlbnRcL3VwbG9hZHNcLzIwMTlcLzA4XC9idXRsYS0za2ctMzAweDMwMC5qcGciLCJzbGlkZXNob3ciOiI4M2RlYzJhIn0%3D\" href='https:\/\/marrom.pl\/wp-content\/uploads\/2019\/08\/butla-3kg-300x300.jpg'><img width=\"150\" height=\"150\" src=\"https:\/\/marrom.pl\/wp-content\/uploads\/2019\/08\/butla-3kg-300x300-150x150.jpg\" class=\"attachment-thumbnail size-thumbnail\" alt=\"\" loading=\"lazy\" aria-describedby=\"gallery-1-82\" srcset=\"https:\/\/marrom.pl\/wp-content\/uploads\/2019\/08\/butla-3kg-300x300-150x150.jpg 150w, https:\/\/marrom.pl\/wp-content\/uploads\/2019\/08\/butla-3kg-300x300.jpg 300w\" sizes=\"(max-width: 150px) 100vw, 150px\" \/><\/a>\n\t\t\t<\/div>\n\t\t\t\t<figcaption class='wp-caption-text gallery-caption' id='gallery-1-82'>\n\t\t\t\t3 kg\n\t\t\t\t<\/figcaption><\/figure><figure class='gallery-item'>\n\t\t\t<div class='gallery-icon landscape'>\n\t\t\t\t<a data-elementor-open-lightbox=\"yes\" data-elementor-lightbox-slideshow=\"83dec2a\" data-elementor-lightbox-title=\"butla-11kg\" e-action-hash=\"#elementor-action%3Aaction%3Dlightbox%26settings%3DeyJpZCI6ODQsInVybCI6Imh0dHBzOlwvXC9tYXJyb20ucGxcL3dwLWNvbnRlbnRcL3VwbG9hZHNcLzIwMTlcLzA4XC9idXRsYS0xMWtnLWEtMzAweDMwMC5qcGciLCJzbGlkZXNob3ciOiI4M2RlYzJhIn0%3D\" href='https:\/\/marrom.pl\/wp-content\/uploads\/2019\/08\/butla-11kg-a-300x300.jpg'><img width=\"150\" height=\"150\" src=\"https:\/\/marrom.pl\/wp-content\/uploads\/2019\/08\/butla-11kg-a-300x300-150x150.jpg\" class=\"attachment-thumbnail size-thumbnail\" alt=\"\" loading=\"lazy\" aria-describedby=\"gallery-1-84\" srcset=\"https:\/\/marrom.pl\/wp-content\/uploads\/2019\/08\/butla-11kg-a-300x300-150x150.jpg 150w, https:\/\/marrom.pl\/wp-content\/uploads\/2019\/08\/butla-11kg-a-300x300.jpg 300w\" sizes=\"(max-width: 150px) 100vw, 150px\" \/><\/a>\n\t\t\t<\/div>\n\t\t\t\t<figcaption class='wp-caption-text gallery-caption' id='gallery-1-84'>\n\t\t\t\t11 kg\n\t\t\t\t<\/figcaption><\/figure><figure class='gallery-item'>\n\t\t\t<div class='gallery-icon landscape'>\n\t\t\t\t<a data-elementor-open-lightbox=\"yes\" data-elementor-lightbox-slideshow=\"83dec2a\" data-elementor-lightbox-title=\"butla-33\" e-action-hash=\"#elementor-action%3Aaction%3Dlightbox%26settings%3DeyJpZCI6ODUsInVybCI6Imh0dHBzOlwvXC9tYXJyb20ucGxcL3dwLWNvbnRlbnRcL3VwbG9hZHNcLzIwMTlcLzA4XC9idXRsYS0zMy1rZy0zMDB4MzAwLmpwZyIsInNsaWRlc2hvdyI6IjgzZGVjMmEifQ%3D%3D\" href='https:\/\/marrom.pl\/wp-content\/uploads\/2019\/08\/butla-33-kg-300x300.jpg'><img width=\"150\" height=\"150\" src=\"https:\/\/marrom.pl\/wp-content\/uploads\/2019\/08\/butla-33-kg-300x300-150x150.jpg\" class=\"attachment-thumbnail size-thumbnail\" alt=\"\" loading=\"lazy\" aria-describedby=\"gallery-1-85\" srcset=\"https:\/\/marrom.pl\/wp-content\/uploads\/2019\/08\/butla-33-kg-300x300-150x150.jpg 150w, https:\/\/marrom.pl\/wp-content\/uploads\/2019\/08\/butla-33-kg-300x300.jpg 300w\" sizes=\"(max-width: 150px) 100vw, 150px\" \/><\/a>\n\t\t\t<\/div>\n\t\t\t\t<figcaption class='wp-caption-text gallery-caption' id='gallery-1-85'>\n\t\t\t\t33 kg\n\t\t\t\t<\/figcaption><\/figure>\n\t\t<\/div>\n\t\t<\/div>\n\t\t\t\t<\/div>\n\t\t\t\t<\/div>\n\t\t\t\t\t\t<\/div>\n\t\t\t\t\t<\/div>\n\t\t<\/div>\n\t\t\t\t\t\t\t\t<\/div>\n\t\t\t\t\t<\/div>\n\t\t<\/section>\n\t\t\t\t<section class=\"elementor-section elementor-top-section elementor-element elementor-element-2438ccc2 elementor-section-boxed elementor-section-height-default elementor-section-height-default\" data-id=\"2438ccc2\" data-element_type=\"section\">\n\t\t\t\t\t\t<div class=\"elementor-container elementor-column-gap-default\">\n\t\t\t\t\t\t\t<div class=\"elementor-row\">\n\t\t\t\t\t<div class=\"elementor-column elementor-col-100 elementor-top-column elementor-element elementor-element-677f6416\" data-id=\"677f6416\" data-element_type=\"column\">\n\t\t\t<div class=\"elementor-column-wrap elementor-element-populated\">\n\t\t\t\t\t\t\t<div class=\"elementor-widget-wrap\">\n\t\t\t\t\t\t<div class=\"elementor-element elementor-element-1058dcd6 elementor-widget elementor-widget-text-editor\" data-id=\"1058dcd6\" data-element_type=\"widget\" data-widget_type=\"text-editor.default\">\n\t\t\t\t<div class=\"elementor-widget-container\">\n\t\t\t\t\t\t\t\t<div class=\"elementor-text-editor elementor-clearfix\">\n\t\t\t\t<header class=\"entry-header\"><p class=\"entry-title\"><span style=\"font-size: 16px;\">Od pocz\u0105tku dzia\u0142alno\u015bci firmy zajmujemy si\u0119 sprzeda\u017c\u0105 gazu propan i propan \u2013 butan w butlach dla odbiorc\u00f3w indywidualnych a tak\u017ce przedsi\u0119biorstw oraz instytucji.<\/span><\/p><\/header><div class=\"entry-content\"><p>S\u0142u\u017cy temu baza produkcyjna w postaci rozlewni gazu oraz floty samochod\u00f3w dostawczych obs\u0142uguj\u0105cych transport gazu do odbiorc\u00f3w.<\/p><p>Posiadamy sprawdzon\u0105 blisko p\u00f3\u0142toratysi\u0119czn\u0105 baz\u0119 odbiorc\u00f3w indywidualnych zar\u00f3wno w postaci punkt\u00f3w wymiany butli gazowych na wsiach i miastach wojew\u00f3dztw po\u0142udniowo \u2013 wschodniej Polski. S\u0105 to zar\u00f3wno odbiorcy gazu w butlach do cel\u00f3w gospodarczych w domach jak i do cel\u00f3w grzewczych w przydomowych instalacjach gazowych.<\/p><p>Du\u017c\u0105 grup\u0119 w\u015br\u00f3d odbiorc\u00f3w gazu w butlach stanowi\u0105 przedsi\u0119biorstwa, dla kt\u00f3rych dostarczamy gaz w butlach dla w\u0142asnych cel\u00f3w produkcyjnych \u2013 zasilania w\u00f3zk\u00f3w wid\u0142owych ale tez dla specjalistycznych przedsi\u0119biorstw \u015bwiadcz\u0105cych us\u0142ugi outsourcingowe polegaj\u0105ce na zabezpieczeniu wewn\u0119trznego transportu i magazynowania wyrob\u00f3w i towar\u00f3w. Znacz\u0105c\u0105 grup\u0105 odbiorc\u00f3w jest te\u017c grupa przedsi\u0119biorstw g\u0142\u00f3wnie z bran\u017cy budowlanej dla kt\u00f3rej dostarczamy butle z gazem do cel\u00f3w wykorzystywania w nagrzewnicach oraz innych urz\u0105dzeniach do kt\u00f3rych wykorzystywany jest gaz propan lub propan \u2013 butan.<\/p><p>Du\u017c\u0105 grup\u0119 odbiorc\u00f3w stanowi\u0105 tak\u017ce stacje paliw sprzedaj\u0105ce butle z gazem<\/p><p>Posiadamy niezb\u0119dn\u0105 ilo\u015b\u0107 w\u0142asnych butli gazowych o wszystkich wyst\u0119puj\u0105cych na rynku pojemno\u015bciach \u2013 33 kg, 11 kg, 5, 3, 2, 1 i 1\/2 kg. W miar\u0119 potrzeb klienta jeste\u015bmy w stanie zabezpieczy\u0107 dla jego potrzeb i wydzier\u017cawi\u0107 niezb\u0119dn\u0105 ilo\u015b\u0107 butli gazowych.<\/p><p>Prowadzimy dostawy gazu w butlach zar\u00f3wno na terenie miasta Radomia i okolic, Zwolenia i okolic ale tak\u017ce na ca\u0142y obszar Polski po\u0142udniowo \u2013 wschodniej.<\/p><p>Zapraszamy do wsp\u00f3\u0142pracy, w zakresie zar\u00f3wno zam\u00f3wie\u0144 na gaz w butlach jak i pyta\u0144 zwi\u0105zanych z t\u0105 sfera dzia\u0142alno\u015bci korzystaj\u0105c z formularza zamieszczonego poni\u017cej lub telefonicznie z osoba odpowiedzialn\u0105 za dostawy \u2013 Piotrem Fr\u0105czkiem \u2013 tel. 513 154 383.<\/p><\/div><div id=\"pgc-360-2-0\" class=\"panel-grid-cell\" data-weight=\"0.16666666666667\"><div id=\"panel-360-2-0-0\" class=\"so-panel widget widget_media_image panel-first-child panel-last-child\" data-index=\"2\" data-style=\"{\">\u00a0<\/div><\/div><div id=\"pgc-360-2-5\" class=\"panel-grid-cell\" data-weight=\"0.16666666666667\"><div id=\"panel-360-2-5-0\" class=\"so-panel widget widget_media_image panel-first-child panel-last-child\" data-index=\"7\" data-style=\"{\">\u00a0<\/div><\/div>\t\t\t\t\t<\/div>\n\t\t\t\t\t\t<\/div>\n\t\t\t\t<\/div>\n\t\t\t\t\t\t<\/div>\n\t\t\t\t\t<\/div>\n\t\t<\/div>\n\t\t\t\t\t\t\t\t<\/div>\n\t\t\t\t\t<\/div>\n\t\t<\/section>\n\t\t\t\t\t\t\t\t\t<\/div>\n\t\t\t<\/div>\n\t\t\t\t\t<\/div>\n\t\t","protected":false},"excerpt":{"rendered":"<p>0,5 kg 1 kg 2 kg 3 kg 11 kg 33 kg Od pocz\u0105tku dzia\u0142alno\u015bci firmy zajmujemy si\u0119 sprzeda\u017c\u0105 gazu propan i propan \u2013 butan w butlach dla odbiorc\u00f3w indywidualnych&nbsp;[ &hellip; ]<\/p>\n","protected":false},"author":1,"featured_media":0,"parent":0,"menu_order":0,"comment_status":"closed","ping_status":"closed","template":"page-templates\/template_fullwidth.php","meta":[],"_links":{"self":[{"href":"https:\/\/marrom.pl\/index.php\/wp-json\/wp\/v2\/pages\/30"}],"collection":[{"href":"https:\/\/marrom.pl\/index.php\/wp-json\/wp\/v2\/pages"}],"about":[{"href":"https:\/\/marrom.pl\/index.php\/wp-json\/wp\/v2\/types\/page"}],"author":[{"embeddable":true,"href":"https:\/\/marrom.pl\/index.php\/wp-json\/wp\/v2\/users\/1"}],"replies":[{"embeddable":true,"href":"https:\/\/marrom.pl\/index.php\/wp-json\/wp\/v2\/comments?post=30"}],"version-history":[{"count":8,"href":"https:\/\/marrom.pl\/index.php\/wp-json\/wp\/v2\/pages\/30\/revisions"}],"predecessor-version":[{"id":325,"href":"https:\/\/marrom.pl\/index.php\/wp-json\/wp\/v2\/pages\/30\/revisions\/325"}],"wp:attachment":[{"href":"https:\/\/marrom.pl\/index.php\/wp-json\/wp\/v2\/media?parent=30"}],"curies":[{"name":"wp","href":"https:\/\/api.w.org\/{rel}","templated":true}]}}