{"id":10,"date":"2019-08-27T16:00:35","date_gmt":"2019-08-27T14:00:35","guid":{"rendered":"http:\/\/marrom.pl\/?page_id=10"},"modified":"2023-12-16T13:30:08","modified_gmt":"2023-12-16T12:30:08","slug":"elementor-10","status":"publish","type":"page","link":"https:\/\/marrom.pl\/","title":{"rendered":"Strona g\u0142\u00f3wna"},"content":{"rendered":"\t\t<div data-elementor-type=\"wp-post\" data-elementor-id=\"10\" class=\"elementor elementor-10\">\n\t\t\t\t\t\t<div class=\"elementor-inner\">\n\t\t\t\t<div class=\"elementor-section-wrap\">\n\t\t\t\t\t\t\t\t\t<section class=\"elementor-section elementor-top-section elementor-element elementor-element-7706664 elementor-section-boxed elementor-section-height-default elementor-section-height-default\" data-id=\"7706664\" data-element_type=\"section\">\n\t\t\t\t\t\t<div class=\"elementor-container elementor-column-gap-default\">\n\t\t\t\t\t\t\t<div class=\"elementor-row\">\n\t\t\t\t\t<div class=\"elementor-column elementor-col-100 elementor-top-column elementor-element elementor-element-e8aeae9\" data-id=\"e8aeae9\" data-element_type=\"column\">\n\t\t\t<div class=\"elementor-column-wrap elementor-element-populated\">\n\t\t\t\t\t\t\t<div class=\"elementor-widget-wrap\">\n\t\t\t\t\t\t<div class=\"elementor-element elementor-element-02926a5 elementor-widget elementor-widget-wp-widget-recent-posts\" data-id=\"02926a5\" data-element_type=\"widget\" data-widget_type=\"wp-widget-recent-posts.default\">\n\t\t\t\t<div class=\"elementor-widget-container\">\n\t\t\t\n\t\t\n\t\t<h5>Aktualno\u015bci<\/h5>\n\t\t<ul>\n\t\t\t\t\t\t\t\t\t\t\t<li>\n\t\t\t\t\t<a href=\"https:\/\/marrom.pl\/index.php\/2024\/04\/19\/informacje_nt_srodkow_bezp\/\">Informacje na temat \u015brodk\u00f3w bezpiecze\u0144stwa i sposobu post\u0119powania w przypadku wyst\u0105pienia powa\u017cnej awarii przemys\u0142owej w Bazie i rozlewni gazu p\u0142ynnego w Radomiu przy ul. Tokarskiej 3. (aktualizacja, 01.2024 r.)<\/a>\n\t\t\t\t\t\t\t\t\t\t\t<span class=\"post-date\">19 kwietnia 2024<\/span>\n\t\t\t\t\t\t\t\t\t<\/li>\n\t\t\t\t\t\t\t\t\t\t\t<li>\n\t\t\t\t\t<a href=\"https:\/\/marrom.pl\/index.php\/2023\/07\/30\/cwiczenia-ratowniczo-gasnicze-na-terenie-zakladu\/\">\u0106wiczenia ratowniczo &#8211; ga\u015bnicze na terenie zak\u0142adu<\/a>\n\t\t\t\t\t\t\t\t\t\t\t<span class=\"post-date\">30 lipca 2023<\/span>\n\t\t\t\t\t\t\t\t\t<\/li>\n\t\t\t\t\t<\/ul>\n\n\t\t\t\t<\/div>\n\t\t\t\t<\/div>\n\t\t\t\t\t\t<\/div>\n\t\t\t\t\t<\/div>\n\t\t<\/div>\n\t\t\t\t\t\t\t\t<\/div>\n\t\t\t\t\t<\/div>\n\t\t<\/section>\n\t\t\t\t<section class=\"elementor-section elementor-top-section elementor-element elementor-element-b5d3748 elementor-section-boxed elementor-section-height-default elementor-section-height-default\" data-id=\"b5d3748\" data-element_type=\"section\">\n\t\t\t\t\t\t<div class=\"elementor-container elementor-column-gap-default\">\n\t\t\t\t\t\t\t<div class=\"elementor-row\">\n\t\t\t\t\t<div class=\"elementor-column elementor-col-100 elementor-top-column elementor-element elementor-element-6dd7787\" data-id=\"6dd7787\" data-element_type=\"column\">\n\t\t\t<div class=\"elementor-column-wrap elementor-element-populated\">\n\t\t\t\t\t\t\t<div class=\"elementor-widget-wrap\">\n\t\t\t\t\t\t<section class=\"elementor-section elementor-inner-section elementor-element elementor-element-5edd730 elementor-section-boxed elementor-section-height-default elementor-section-height-default\" data-id=\"5edd730\" data-element_type=\"section\">\n\t\t\t\t\t\t<div class=\"elementor-container elementor-column-gap-default\">\n\t\t\t\t\t\t\t<div class=\"elementor-row\">\n\t\t\t\t\t<div class=\"elementor-column elementor-col-33 elementor-inner-column elementor-element elementor-element-b2a67cc\" data-id=\"b2a67cc\" data-element_type=\"column\">\n\t\t\t<div class=\"elementor-column-wrap elementor-element-populated\">\n\t\t\t\t\t\t\t<div class=\"elementor-widget-wrap\">\n\t\t\t\t\t\t<div class=\"elementor-element elementor-element-69653f8 elementor-widget elementor-widget-heading\" data-id=\"69653f8\" data-element_type=\"widget\" data-widget_type=\"heading.default\">\n\t\t\t\t<div class=\"elementor-widget-container\">\n\t\t\t<h5 class=\"elementor-heading-title elementor-size-default\">O nas<\/h5>\t\t<\/div>\n\t\t\t\t<\/div>\n\t\t\t\t<div class=\"elementor-element elementor-element-389d797 elementor-widget-divider--view-line elementor-widget elementor-widget-divider\" data-id=\"389d797\" data-element_type=\"widget\" data-widget_type=\"divider.default\">\n\t\t\t\t<div class=\"elementor-widget-container\">\n\t\t\t\t\t<div class=\"elementor-divider\">\n\t\t\t<span class=\"elementor-divider-separator\">\n\t\t\t\t\t\t<\/span>\n\t\t<\/div>\n\t\t\t\t<\/div>\n\t\t\t\t<\/div>\n\t\t\t\t<div class=\"elementor-element elementor-element-d86a625 elementor-widget elementor-widget-image\" data-id=\"d86a625\" data-element_type=\"widget\" data-widget_type=\"image.default\">\n\t\t\t\t<div class=\"elementor-widget-container\">\n\t\t\t\t\t\t\t\t<div class=\"elementor-image\">\n\t\t\t\t\t\t\t\t\t\t\t\t\t<a href=\"http:\/\/marrom.pl\/index.php\/o-nas\/\">\n\t\t\t\t\t\t\t<img width=\"640\" height=\"480\" src=\"https:\/\/marrom.pl\/wp-content\/uploads\/2019\/08\/Dom-640x480-1.jpg\" class=\"attachment-large size-large\" alt=\"\" loading=\"lazy\" srcset=\"https:\/\/marrom.pl\/wp-content\/uploads\/2019\/08\/Dom-640x480-1.jpg 640w, https:\/\/marrom.pl\/wp-content\/uploads\/2019\/08\/Dom-640x480-1-300x225.jpg 300w\" sizes=\"(max-width: 640px) 100vw, 640px\" \/>\t\t\t\t\t\t\t\t<\/a>\n\t\t\t\t\t\t\t\t\t\t\t\t\t\t<\/div>\n\t\t\t\t\t\t<\/div>\n\t\t\t\t<\/div>\n\t\t\t\t\t\t<\/div>\n\t\t\t\t\t<\/div>\n\t\t<\/div>\n\t\t\t\t<div class=\"elementor-column elementor-col-33 elementor-inner-column elementor-element elementor-element-2cc9377\" data-id=\"2cc9377\" data-element_type=\"column\">\n\t\t\t<div class=\"elementor-column-wrap elementor-element-populated\">\n\t\t\t\t\t\t\t<div class=\"elementor-widget-wrap\">\n\t\t\t\t\t\t<div class=\"elementor-element elementor-element-a6086bc elementor-widget elementor-widget-heading\" data-id=\"a6086bc\" data-element_type=\"widget\" data-widget_type=\"heading.default\">\n\t\t\t\t<div class=\"elementor-widget-container\">\n\t\t\t<h5 class=\"elementor-heading-title elementor-size-default\">Gaz luzem<\/h5>\t\t<\/div>\n\t\t\t\t<\/div>\n\t\t\t\t<div class=\"elementor-element elementor-element-29a2b94 elementor-widget-divider--view-line elementor-widget elementor-widget-divider\" data-id=\"29a2b94\" data-element_type=\"widget\" data-widget_type=\"divider.default\">\n\t\t\t\t<div class=\"elementor-widget-container\">\n\t\t\t\t\t<div class=\"elementor-divider\">\n\t\t\t<span class=\"elementor-divider-separator\">\n\t\t\t\t\t\t<\/span>\n\t\t<\/div>\n\t\t\t\t<\/div>\n\t\t\t\t<\/div>\n\t\t\t\t<div class=\"elementor-element elementor-element-d806caa elementor-widget elementor-widget-image\" data-id=\"d806caa\" data-element_type=\"widget\" data-widget_type=\"image.default\">\n\t\t\t\t<div class=\"elementor-widget-container\">\n\t\t\t\t\t\t\t\t<div class=\"elementor-image\">\n\t\t\t\t\t\t\t\t\t\t\t\t\t<a href=\"http:\/\/marrom.pl\/index.php\/gaz-luzem\/\">\n\t\t\t\t\t\t\t<img width=\"640\" height=\"480\" src=\"https:\/\/marrom.pl\/wp-content\/uploads\/2019\/08\/Gaz-p\u0142ynny.jpg\" class=\"attachment-large size-large\" alt=\"\" loading=\"lazy\" srcset=\"https:\/\/marrom.pl\/wp-content\/uploads\/2019\/08\/Gaz-p\u0142ynny.jpg 640w, https:\/\/marrom.pl\/wp-content\/uploads\/2019\/08\/Gaz-p\u0142ynny-300x225.jpg 300w\" sizes=\"(max-width: 640px) 100vw, 640px\" \/>\t\t\t\t\t\t\t\t<\/a>\n\t\t\t\t\t\t\t\t\t\t\t\t\t\t<\/div>\n\t\t\t\t\t\t<\/div>\n\t\t\t\t<\/div>\n\t\t\t\t\t\t<\/div>\n\t\t\t\t\t<\/div>\n\t\t<\/div>\n\t\t\t\t<div class=\"elementor-column elementor-col-33 elementor-inner-column elementor-element elementor-element-d453f36\" data-id=\"d453f36\" data-element_type=\"column\">\n\t\t\t<div class=\"elementor-column-wrap elementor-element-populated\">\n\t\t\t\t\t\t\t<div class=\"elementor-widget-wrap\">\n\t\t\t\t\t\t<div class=\"elementor-element elementor-element-377cbb7 elementor-widget elementor-widget-heading\" data-id=\"377cbb7\" data-element_type=\"widget\" data-widget_type=\"heading.default\">\n\t\t\t\t<div class=\"elementor-widget-container\">\n\t\t\t<h5 class=\"elementor-heading-title elementor-size-default\">Gaz w butlach<\/h5>\t\t<\/div>\n\t\t\t\t<\/div>\n\t\t\t\t<div class=\"elementor-element elementor-element-009efbc elementor-widget-divider--view-line elementor-widget elementor-widget-divider\" data-id=\"009efbc\" data-element_type=\"widget\" data-widget_type=\"divider.default\">\n\t\t\t\t<div class=\"elementor-widget-container\">\n\t\t\t\t\t<div class=\"elementor-divider\">\n\t\t\t<span class=\"elementor-divider-separator\">\n\t\t\t\t\t\t<\/span>\n\t\t<\/div>\n\t\t\t\t<\/div>\n\t\t\t\t<\/div>\n\t\t\t\t<div class=\"elementor-element elementor-element-ffb4d13 elementor-widget elementor-widget-image\" data-id=\"ffb4d13\" data-element_type=\"widget\" data-widget_type=\"image.default\">\n\t\t\t\t<div class=\"elementor-widget-container\">\n\t\t\t\t\t\t\t\t<div class=\"elementor-image\">\n\t\t\t\t\t\t\t\t\t\t\t\t\t<a href=\"http:\/\/marrom.pl\/index.php\/gaz-w-butlach\/\">\n\t\t\t\t\t\t\t<img width=\"640\" height=\"480\" src=\"https:\/\/marrom.pl\/wp-content\/uploads\/2019\/08\/Gaz-w-Butlach.jpg\" class=\"attachment-large size-large\" alt=\"\" loading=\"lazy\" srcset=\"https:\/\/marrom.pl\/wp-content\/uploads\/2019\/08\/Gaz-w-Butlach.jpg 640w, https:\/\/marrom.pl\/wp-content\/uploads\/2019\/08\/Gaz-w-Butlach-300x225.jpg 300w\" sizes=\"(max-width: 640px) 100vw, 640px\" \/>\t\t\t\t\t\t\t\t<\/a>\n\t\t\t\t\t\t\t\t\t\t\t\t\t\t<\/div>\n\t\t\t\t\t\t<\/div>\n\t\t\t\t<\/div>\n\t\t\t\t\t\t<\/div>\n\t\t\t\t\t<\/div>\n\t\t<\/div>\n\t\t\t\t\t\t\t\t<\/div>\n\t\t\t\t\t<\/div>\n\t\t<\/section>\n\t\t\t\t\t\t<\/div>\n\t\t\t\t\t<\/div>\n\t\t<\/div>\n\t\t\t\t\t\t\t\t<\/div>\n\t\t\t\t\t<\/div>\n\t\t<\/section>\n\t\t\t\t<section class=\"elementor-section elementor-top-section elementor-element elementor-element-892e2dc elementor-section-boxed elementor-section-height-default elementor-section-height-default\" data-id=\"892e2dc\" data-element_type=\"section\">\n\t\t\t\t\t\t<div class=\"elementor-container elementor-column-gap-default\">\n\t\t\t\t\t\t\t<div class=\"elementor-row\">\n\t\t\t\t\t<div class=\"elementor-column elementor-col-100 elementor-top-column elementor-element elementor-element-75aa1c7\" data-id=\"75aa1c7\" data-element_type=\"column\">\n\t\t\t<div class=\"elementor-column-wrap elementor-element-populated\">\n\t\t\t\t\t\t\t<div class=\"elementor-widget-wrap\">\n\t\t\t\t\t\t<section class=\"elementor-section elementor-inner-section elementor-element elementor-element-07942df elementor-section-boxed elementor-section-height-default elementor-section-height-default\" data-id=\"07942df\" data-element_type=\"section\">\n\t\t\t\t\t\t<div class=\"elementor-container elementor-column-gap-default\">\n\t\t\t\t\t\t\t<div class=\"elementor-row\">\n\t\t\t\t\t<div class=\"elementor-column elementor-col-33 elementor-inner-column elementor-element elementor-element-218304a\" data-id=\"218304a\" data-element_type=\"column\">\n\t\t\t<div class=\"elementor-column-wrap elementor-element-populated\">\n\t\t\t\t\t\t\t<div class=\"elementor-widget-wrap\">\n\t\t\t\t\t\t<div class=\"elementor-element elementor-element-048e204 elementor-widget elementor-widget-heading\" data-id=\"048e204\" data-element_type=\"widget\" data-widget_type=\"heading.default\">\n\t\t\t\t<div class=\"elementor-widget-container\">\n\t\t\t<h5 class=\"elementor-heading-title elementor-size-default\">Instalacje gazowe<\/h5>\t\t<\/div>\n\t\t\t\t<\/div>\n\t\t\t\t<div class=\"elementor-element elementor-element-be2ffd3 elementor-widget-divider--view-line elementor-widget elementor-widget-divider\" data-id=\"be2ffd3\" data-element_type=\"widget\" data-widget_type=\"divider.default\">\n\t\t\t\t<div class=\"elementor-widget-container\">\n\t\t\t\t\t<div class=\"elementor-divider\">\n\t\t\t<span class=\"elementor-divider-separator\">\n\t\t\t\t\t\t<\/span>\n\t\t<\/div>\n\t\t\t\t<\/div>\n\t\t\t\t<\/div>\n\t\t\t\t<div class=\"elementor-element elementor-element-4a40ade elementor-widget elementor-widget-image\" data-id=\"4a40ade\" data-element_type=\"widget\" data-widget_type=\"image.default\">\n\t\t\t\t<div class=\"elementor-widget-container\">\n\t\t\t\t\t\t\t\t<div class=\"elementor-image\">\n\t\t\t\t\t\t\t\t\t\t\t\t\t<a href=\"http:\/\/marrom.pl\/index.php\/instalacje-gazowe\/\">\n\t\t\t\t\t\t\t<img width=\"640\" height=\"480\" src=\"https:\/\/marrom.pl\/wp-content\/uploads\/2019\/08\/Instalacje-Gazowe.jpg\" class=\"attachment-large size-large\" alt=\"\" loading=\"lazy\" srcset=\"https:\/\/marrom.pl\/wp-content\/uploads\/2019\/08\/Instalacje-Gazowe.jpg 640w, https:\/\/marrom.pl\/wp-content\/uploads\/2019\/08\/Instalacje-Gazowe-300x225.jpg 300w\" sizes=\"(max-width: 640px) 100vw, 640px\" \/>\t\t\t\t\t\t\t\t<\/a>\n\t\t\t\t\t\t\t\t\t\t\t\t\t\t<\/div>\n\t\t\t\t\t\t<\/div>\n\t\t\t\t<\/div>\n\t\t\t\t\t\t<\/div>\n\t\t\t\t\t<\/div>\n\t\t<\/div>\n\t\t\t\t<div class=\"elementor-column elementor-col-33 elementor-inner-column elementor-element elementor-element-5c44255\" data-id=\"5c44255\" data-element_type=\"column\">\n\t\t\t<div class=\"elementor-column-wrap elementor-element-populated\">\n\t\t\t\t\t\t\t<div class=\"elementor-widget-wrap\">\n\t\t\t\t\t\t<div class=\"elementor-element elementor-element-2e650c7 elementor-widget elementor-widget-heading\" data-id=\"2e650c7\" data-element_type=\"widget\" data-widget_type=\"heading.default\">\n\t\t\t\t<div class=\"elementor-widget-container\">\n\t\t\t<h5 class=\"elementor-heading-title elementor-size-default\">Paliwa p\u0142ynne<\/h5>\t\t<\/div>\n\t\t\t\t<\/div>\n\t\t\t\t<div class=\"elementor-element elementor-element-e30d7f2 elementor-widget-divider--view-line elementor-widget elementor-widget-divider\" data-id=\"e30d7f2\" data-element_type=\"widget\" data-widget_type=\"divider.default\">\n\t\t\t\t<div class=\"elementor-widget-container\">\n\t\t\t\t\t<div class=\"elementor-divider\">\n\t\t\t<span class=\"elementor-divider-separator\">\n\t\t\t\t\t\t<\/span>\n\t\t<\/div>\n\t\t\t\t<\/div>\n\t\t\t\t<\/div>\n\t\t\t\t<div class=\"elementor-element elementor-element-7cc72d6 elementor-widget elementor-widget-image\" data-id=\"7cc72d6\" data-element_type=\"widget\" data-widget_type=\"image.default\">\n\t\t\t\t<div class=\"elementor-widget-container\">\n\t\t\t\t\t\t\t\t<div class=\"elementor-image\">\n\t\t\t\t\t\t\t\t\t\t\t\t\t<a href=\"http:\/\/marrom.pl\/index.php\/paliwa-plynne\/\">\n\t\t\t\t\t\t\t<img width=\"800\" height=\"600\" src=\"https:\/\/marrom.pl\/wp-content\/uploads\/2019\/08\/Palwa-p\u0142ynne.jpg\" class=\"attachment-large size-large\" alt=\"\" loading=\"lazy\" srcset=\"https:\/\/marrom.pl\/wp-content\/uploads\/2019\/08\/Palwa-p\u0142ynne.jpg 800w, https:\/\/marrom.pl\/wp-content\/uploads\/2019\/08\/Palwa-p\u0142ynne-300x225.jpg 300w, https:\/\/marrom.pl\/wp-content\/uploads\/2019\/08\/Palwa-p\u0142ynne-768x576.jpg 768w, https:\/\/marrom.pl\/wp-content\/uploads\/2019\/08\/Palwa-p\u0142ynne-710x533.jpg 710w\" sizes=\"(max-width: 800px) 100vw, 800px\" \/>\t\t\t\t\t\t\t\t<\/a>\n\t\t\t\t\t\t\t\t\t\t\t\t\t\t<\/div>\n\t\t\t\t\t\t<\/div>\n\t\t\t\t<\/div>\n\t\t\t\t\t\t<\/div>\n\t\t\t\t\t<\/div>\n\t\t<\/div>\n\t\t\t\t<div class=\"elementor-column elementor-col-33 elementor-inner-column elementor-element elementor-element-213c417\" data-id=\"213c417\" data-element_type=\"column\">\n\t\t\t<div class=\"elementor-column-wrap elementor-element-populated\">\n\t\t\t\t\t\t\t<div class=\"elementor-widget-wrap\">\n\t\t\t\t\t\t<div class=\"elementor-element elementor-element-69f2d46 elementor-widget elementor-widget-heading\" data-id=\"69f2d46\" data-element_type=\"widget\" data-widget_type=\"heading.default\">\n\t\t\t\t<div class=\"elementor-widget-container\">\n\t\t\t<h5 class=\"elementor-heading-title elementor-size-default\">Sk\u0142ad podatkowy<\/h5>\t\t<\/div>\n\t\t\t\t<\/div>\n\t\t\t\t<div class=\"elementor-element elementor-element-839dbb9 elementor-widget-divider--view-line elementor-widget elementor-widget-divider\" data-id=\"839dbb9\" data-element_type=\"widget\" data-widget_type=\"divider.default\">\n\t\t\t\t<div class=\"elementor-widget-container\">\n\t\t\t\t\t<div class=\"elementor-divider\">\n\t\t\t<span class=\"elementor-divider-separator\">\n\t\t\t\t\t\t<\/span>\n\t\t<\/div>\n\t\t\t\t<\/div>\n\t\t\t\t<\/div>\n\t\t\t\t<div class=\"elementor-element elementor-element-22978b9 elementor-widget elementor-widget-image\" data-id=\"22978b9\" data-element_type=\"widget\" data-widget_type=\"image.default\">\n\t\t\t\t<div class=\"elementor-widget-container\">\n\t\t\t\t\t\t\t\t<div class=\"elementor-image\">\n\t\t\t\t\t\t\t\t\t\t\t\t\t<a href=\"http:\/\/marrom.pl\/index.php\/sklad-podatkowy\/\">\n\t\t\t\t\t\t\t<img width=\"800\" height=\"600\" src=\"https:\/\/marrom.pl\/wp-content\/uploads\/2019\/08\/Sk\u0142ad-podatkowy.jpg\" class=\"attachment-large size-large\" alt=\"\" loading=\"lazy\" srcset=\"https:\/\/marrom.pl\/wp-content\/uploads\/2019\/08\/Sk\u0142ad-podatkowy.jpg 800w, https:\/\/marrom.pl\/wp-content\/uploads\/2019\/08\/Sk\u0142ad-podatkowy-300x225.jpg 300w, https:\/\/marrom.pl\/wp-content\/uploads\/2019\/08\/Sk\u0142ad-podatkowy-768x576.jpg 768w, https:\/\/marrom.pl\/wp-content\/uploads\/2019\/08\/Sk\u0142ad-podatkowy-710x533.jpg 710w\" sizes=\"(max-width: 800px) 100vw, 800px\" \/>\t\t\t\t\t\t\t\t<\/a>\n\t\t\t\t\t\t\t\t\t\t\t\t\t\t<\/div>\n\t\t\t\t\t\t<\/div>\n\t\t\t\t<\/div>\n\t\t\t\t\t\t<\/div>\n\t\t\t\t\t<\/div>\n\t\t<\/div>\n\t\t\t\t\t\t\t\t<\/div>\n\t\t\t\t\t<\/div>\n\t\t<\/section>\n\t\t\t\t\t\t<\/div>\n\t\t\t\t\t<\/div>\n\t\t<\/div>\n\t\t\t\t\t\t\t\t<\/div>\n\t\t\t\t\t<\/div>\n\t\t<\/section>\n\t\t\t\t<section class=\"elementor-section elementor-top-section elementor-element elementor-element-a92d2c9 elementor-section-boxed elementor-section-height-default elementor-section-height-default\" data-id=\"a92d2c9\" data-element_type=\"section\">\n\t\t\t\t\t\t<div class=\"elementor-container elementor-column-gap-default\">\n\t\t\t\t\t\t\t<div class=\"elementor-row\">\n\t\t\t\t\t<div class=\"elementor-column elementor-col-100 elementor-top-column elementor-element elementor-element-8ab1384\" data-id=\"8ab1384\" data-element_type=\"column\">\n\t\t\t<div class=\"elementor-column-wrap elementor-element-populated\">\n\t\t\t\t\t\t\t<div class=\"elementor-widget-wrap\">\n\t\t\t\t\t\t<div class=\"elementor-element elementor-element-9963a57 elementor-widget elementor-widget-image\" data-id=\"9963a57\" data-element_type=\"widget\" data-widget_type=\"image.default\">\n\t\t\t\t<div class=\"elementor-widget-container\">\n\t\t\t\t\t\t\t\t<div class=\"elementor-image\">\n\t\t\t\t\t\t\t\t\t\t\t\t\t<a href=\"http:\/\/marrom.pl\/index.php\/dofinansowanie\/\">\n\t\t\t\t\t\t\t<img width=\"1024\" height=\"98\" src=\"https:\/\/marrom.pl\/wp-content\/uploads\/2020\/09\/POZIOM-KOLOR-RPOFLAGA-RPMAZOWSZEEFRR-1024x98.jpg\" class=\"attachment-large size-large\" alt=\"\" loading=\"lazy\" srcset=\"https:\/\/marrom.pl\/wp-content\/uploads\/2020\/09\/POZIOM-KOLOR-RPOFLAGA-RPMAZOWSZEEFRR-1024x98.jpg 1024w, https:\/\/marrom.pl\/wp-content\/uploads\/2020\/09\/POZIOM-KOLOR-RPOFLAGA-RPMAZOWSZEEFRR-300x29.jpg 300w, https:\/\/marrom.pl\/wp-content\/uploads\/2020\/09\/POZIOM-KOLOR-RPOFLAGA-RPMAZOWSZEEFRR-768x74.jpg 768w, https:\/\/marrom.pl\/wp-content\/uploads\/2020\/09\/POZIOM-KOLOR-RPOFLAGA-RPMAZOWSZEEFRR-1536x148.jpg 1536w, https:\/\/marrom.pl\/wp-content\/uploads\/2020\/09\/POZIOM-KOLOR-RPOFLAGA-RPMAZOWSZEEFRR-2048x197.jpg 2048w, https:\/\/marrom.pl\/wp-content\/uploads\/2020\/09\/POZIOM-KOLOR-RPOFLAGA-RPMAZOWSZEEFRR-710x68.jpg 710w\" sizes=\"(max-width: 1024px) 100vw, 1024px\" \/>\t\t\t\t\t\t\t\t<\/a>\n\t\t\t\t\t\t\t\t\t\t\t\t\t\t<\/div>\n\t\t\t\t\t\t<\/div>\n\t\t\t\t<\/div>\n\t\t\t\t\t\t<\/div>\n\t\t\t\t\t<\/div>\n\t\t<\/div>\n\t\t\t\t\t\t\t\t<\/div>\n\t\t\t\t\t<\/div>\n\t\t<\/section>\n\t\t\t\t\t\t\t\t\t<\/div>\n\t\t\t<\/div>\n\t\t\t\t\t<\/div>\n\t\t","protected":false},"excerpt":{"rendered":"<p>O nas Gaz luzem Gaz w butlach Instalacje gazowe Paliwa p\u0142ynne Sk\u0142ad podatkowy<\/p>\n","protected":false},"author":1,"featured_media":0,"parent":0,"menu_order":0,"comment_status":"closed","ping_status":"closed","template":"page-templates\/template_fullwidth.php","meta":[],"_links":{"self":[{"href":"https:\/\/marrom.pl\/index.php\/wp-json\/wp\/v2\/pages\/10"}],"collection":[{"href":"https:\/\/marrom.pl\/index.php\/wp-json\/wp\/v2\/pages"}],"about":[{"href":"https:\/\/marrom.pl\/index.php\/wp-json\/wp\/v2\/types\/page"}],"author":[{"embeddable":true,"href":"https:\/\/marrom.pl\/index.php\/wp-json\/wp\/v2\/users\/1"}],"replies":[{"embeddable":true,"href":"https:\/\/marrom.pl\/index.php\/wp-json\/wp\/v2\/comments?post=10"}],"version-history":[{"count":34,"href":"https:\/\/marrom.pl\/index.php\/wp-json\/wp\/v2\/pages\/10\/revisions"}],"predecessor-version":[{"id":546,"href":"https:\/\/marrom.pl\/index.php\/wp-json\/wp\/v2\/pages\/10\/revisions\/546"}],"wp:attachment":[{"href":"https:\/\/marrom.pl\/index.php\/wp-json\/wp\/v2\/media?parent=10"}],"curies":[{"name":"wp","href":"https:\/\/api.w.org\/{rel}","templated":true}]}}