{"id":71,"date":"2019-08-27T21:38:54","date_gmt":"2019-08-27T19:38:54","guid":{"rendered":"http:\/\/marrom.pl\/?page_id=71"},"modified":"2022-01-13T09:25:53","modified_gmt":"2022-01-13T08:25:53","slug":"o-nas","status":"publish","type":"page","link":"http:\/\/marrom.pl\/index.php\/o-nas\/","title":{"rendered":"O nas"},"content":{"rendered":"<p>Nasza firma zosta\u0142a za\u0142o\u017cona w 1990 roku w Oro\u0144sku. Pocz\u0105tkowo zajmowali\u015bmy si\u0119 wy\u0142\u0105cznie dystrybucj\u0105 gazu w butlach. Z biegiem lat firma sukcesywnie rozwija si\u0119, poszerzaj\u0105c zakres oferowanych produkt\u00f3w o sprz\u0119t gospodarstwa domowego. W 1991 r. Utworzono nowy oddzia\u0142 w Zwoleniu, obok Radomia, i podj\u0119to now\u0105 dzia\u0142alno\u015b\u0107 gospodarcz\u0105 w zakresie sprzeda\u017cy hurtowej i detalicznej gazu i sprz\u0119tu gospodarstwa domowego. W 1994 r. Firma przesz\u0142a restrukturyzacj\u0119 i pojawi\u0142a si\u0119 nowa sytuacja. Zdecydowali\u015bmy , \u017ce naszym priorytetem b\u0119dzie dystrybucja propanu i propan-butanu. Nast\u0119pnie zbudowano pierwsz\u0105 stacj\u0119 LPG i rozlewni\u0119 w Radomiu. W 1998 r. Zgodnie z now\u0105 ustaw\u0105 o rehabilitacji zawodowej i zatrudnieniu os\u00f3b niepe\u0142nosprawnych firma otrzyma\u0142a status zak\u0142adu pracy chronionej. W 1999 r. Wydano nam licencj\u0119 na obr\u00f3t paliwami p\u0142ynnymi przez Departament Energetyki. Na przestrzeni lat 1998-2000 profesjonalizm sta\u0142 si\u0119 naszym priorytetem. Pracownicy zostali skierowani na szereg kurs\u00f3w i warsztat\u00f3w w odpowiednim zakresie. Z wiedzy i nowego spojrzenia na przysz\u0142y biznes powsta\u0142y profesjonalne dzia\u0142y handlu i marketingu.<\/p>\n<p>W drodze ewolucji sp\u00f3\u0142ka wdro\u017cy\u0142a nowoczesn\u0105 technologi\u0119 w postaci rozlewni gazu p\u0142ynnego zlokalizowanej w Radomiu przy ul. Tokarskiej 3. Nasza rozlewnia gazu jest wyposa\u017cona w nowoczesne urz\u0105dzenia technologiczne, w pe\u0142ni zautomatyzowane posiadaj\u0105ce atesty i certyfikaty jako\u015bci. Linia technologiczna do nape\u0142niania butli 11 kg zosta\u0142a wyposa\u017cona r\u00f3wnie\u017c w dodatkowe stanowisko kontroli szczelno\u015bci tak, aby poprawi\u0107 jako\u015b\u0107 i bezpiecze\u0144stwo u\u017cytkownik\u00f3w butli. Nasza rozlewnia mo\u017ce nape\u0142ni\u0107 1000 szt. \/h butli 11 kg. Mamy r\u00f3wnie\u017c mo\u017cliwo\u015b\u0107 nape\u0142niania butli turystycznych od 0, 5 kg do 5 kg oraz komunalnych 33 kg. Posiadanie zbiornik\u00f3w magazynowych o \u0142\u0105cznej pojemno\u015bci V = 500 m<sup>3<\/sup>\u00a0pozwalaj\u0105 na ci\u0105g\u0142\u0105 organizacj\u0119 dostaw gazu. W\u0142asna bocznica kolejowa z punktem prze\u0142adunkowym pozwala na du\u017c\u0105 swobod\u0119 zakupu gazu od r\u00f3\u017cnych producent\u00f3w gazu.<\/p>\n<p>Wieloletnie do\u015bwiadczenie naszych pracownik\u00f3w w po\u0142\u0105czeniu z nowoczesnym systemem transportu (autocysterny, samochody dostawcze do przewozu butli 11kg) sprawia, \u017ce Naszym klientom oferujemy kompleksow\u0105 i terminow\u0105 obs\u0142ug\u0119 w zakresie dostaw gazu. Marian Janiszek i Wsp\u00f3lnicy MAR \u2013 ROM to nowoczesna firma, dla kt\u00f3rej wysoka jako\u015b\u0107 produktu i zadowolenie klient\u00f3w to fundament, na kt\u00f3rym opiera swoj\u0105 dzia\u0142alno\u015b\u0107.<\/p>\n<p>Prowadzimy sprzeda\u017c hurtow\u0105 gazu p\u0142ynnego, zajmuje si\u0119 dystrybucj\u0105 butli, ale r\u00f3wnie\u017c kompleksowo wykonuje instalacje przemys\u0142owe na gaz p\u0142ynny. Realizuje projekty LPG, wykorzystywane w procesach technologicznych w przemy\u015ble, rolnictwie i budownictwie. Tak zorganizowana sie\u0107 dystrybucyjna wraz ze sprawnie dzia\u0142aj\u0105cym zespo\u0142em konsultant\u00f3w i doradc\u00f3w gwarantuje naszym Klientom kompleksow\u0105 obs\u0142ug\u0119, wysokiej jako\u015bci produkt, terminowo i niezawodno\u015b\u0107 dostaw, solidny serwis oraz bezpiecze\u0144stwo i wygod\u0119, a tak\u017ce \u015bwiadomo\u015b\u0107 u\u017cytkowania prawdziwie ekologicznego \u017ar\u00f3d\u0142a energii.<\/p>\n","protected":false},"excerpt":{"rendered":"<p>Nasza firma zosta\u0142a za\u0142o\u017cona w 1990 roku w Oro\u0144sku. Pocz\u0105tkowo zajmowali\u015bmy si\u0119 wy\u0142\u0105cznie dystrybucj\u0105 gazu w butlach. Z biegiem lat firma sukcesywnie rozwija si\u0119, poszerzaj\u0105c zakres oferowanych produkt\u00f3w o sprz\u0119t&nbsp;[ &hellip; ]<\/p>\n","protected":false},"author":1,"featured_media":0,"parent":0,"menu_order":0,"comment_status":"closed","ping_status":"closed","template":"page-templates\/template_fullwidth.php","meta":[],"_links":{"self":[{"href":"http:\/\/marrom.pl\/index.php\/wp-json\/wp\/v2\/pages\/71"}],"collection":[{"href":"http:\/\/marrom.pl\/index.php\/wp-json\/wp\/v2\/pages"}],"about":[{"href":"http:\/\/marrom.pl\/index.php\/wp-json\/wp\/v2\/types\/page"}],"author":[{"embeddable":true,"href":"http:\/\/marrom.pl\/index.php\/wp-json\/wp\/v2\/users\/1"}],"replies":[{"embeddable":true,"href":"http:\/\/marrom.pl\/index.php\/wp-json\/wp\/v2\/comments?post=71"}],"version-history":[{"count":2,"href":"http:\/\/marrom.pl\/index.php\/wp-json\/wp\/v2\/pages\/71\/revisions"}],"predecessor-version":[{"id":373,"href":"http:\/\/marrom.pl\/index.php\/wp-json\/wp\/v2\/pages\/71\/revisions\/373"}],"wp:attachment":[{"href":"http:\/\/marrom.pl\/index.php\/wp-json\/wp\/v2\/media?parent=71"}],"curies":[{"name":"wp","href":"https:\/\/api.w.org\/{rel}","templated":true}]}}