{"id":352,"date":"2022-01-12T14:06:13","date_gmt":"2022-01-12T13:06:13","guid":{"rendered":"http:\/\/marrom.pl\/?page_id=352"},"modified":"2022-01-14T10:36:17","modified_gmt":"2022-01-14T09:36:17","slug":"zbiorniki","status":"publish","type":"page","link":"http:\/\/marrom.pl\/index.php\/zbiorniki\/","title":{"rendered":"zbiorniki"},"content":{"rendered":"\t\t<div data-elementor-type=\"wp-page\" data-elementor-id=\"352\" class=\"elementor elementor-352\">\n\t\t\t\t\t\t<div class=\"elementor-inner\">\n\t\t\t\t<div class=\"elementor-section-wrap\">\n\t\t\t\t\t\t\t\t\t<section class=\"elementor-section elementor-top-section elementor-element elementor-element-2fd33a8 elementor-section-boxed elementor-section-height-default elementor-section-height-default\" data-id=\"2fd33a8\" data-element_type=\"section\">\n\t\t\t\t\t\t<div class=\"elementor-container elementor-column-gap-default\">\n\t\t\t\t\t\t\t<div class=\"elementor-row\">\n\t\t\t\t\t<div class=\"elementor-column elementor-col-100 elementor-top-column elementor-element elementor-element-8da3152\" data-id=\"8da3152\" data-element_type=\"column\">\n\t\t\t<div class=\"elementor-column-wrap elementor-element-populated\">\n\t\t\t\t\t\t\t<div class=\"elementor-widget-wrap\">\n\t\t\t\t\t\t<div class=\"elementor-element elementor-element-a7eed00 elementor-widget elementor-widget-text-editor\" data-id=\"a7eed00\" data-element_type=\"widget\" data-widget_type=\"text-editor.default\">\n\t\t\t\t<div class=\"elementor-widget-container\">\n\t\t\t\t\t\t\t\t<div class=\"elementor-text-editor elementor-clearfix\">\n\t\t\t\t<p>Dla wszystkich tych, kt\u00f3rzy zdecyduj\u0105 si\u0119 na wykonanie instalacji grzewczej we w\u0142asnym zakresie oferujemy zakup zbiornika na gaz p\u0142ynny. Zbiornik jest nieodzownym elementem instalacji gazowej, gdy\u017c to w\u0142a\u015bnie w nim magazynowany jest gaz, kt\u00f3rego spalanie dostarcza ciep\u0142o do Pa\u0144stwa dom\u00f3w.<\/p><p>Nasza oferta obejmuje zbiorniki na gaz w r\u00f3\u017cnych wielko\u015bciach: <strong>2700 l<\/strong>, <strong>4850 l<\/strong>, <strong>6400 l<\/strong>. Wyst\u0119puj\u0105 one w wersji podziemnej i naziemnej. Wyb\u00f3r odpowiedniej opcji zale\u017cy od kilku czynnik\u00f3w, takich jak:<\/p><ul><li>wielko\u015b\u0107 domu,<\/li><li>rozmiary dzia\u0142ki,<\/li><li>poziom w\u00f3d gruntowych,<\/li><li>upodobania estetyczne klienta.<\/li><\/ul><p>Ka\u017cd\u0105 ofert\u0119 dostosowujemy do Pa\u0144stwa indywidualnych potrzeb, a sta\u0142a wsp\u00f3\u0142praca z czo\u0142owymi producentami zbiornik\u00f3w daje nam mo\u017cliwo\u015b\u0107 zaoferowania konkurencyjnych cen.<\/p><p>Wszystkie dost\u0119pne u\u00a0 Nas zbiorniki s\u0105 <strong>nowoczesne i w pe\u0142ni bezpieczne<\/strong>. Posiadaj\u0105 one gwarancj\u0119 producenta oraz dokumentacj\u0119 techniczn\u0105, wymagan\u0105 do zg\u0142oszenia do UDT.<\/p><p>Zapewniamy r\u00f3wnie\u017c mo\u017cliwo\u015b\u0107 zakupienia niezb\u0119dnych element\u00f3w takich jak:<\/p><ul><li>p\u0142yta fundamentowa pod zbiornik,<\/li><li>kompletne przy\u0142\u0105cze gazowe,<\/li><li>rura plastikowa FI32.<\/li><\/ul><p>Opcjonalnie oferujemy r\u00f3wnie\u017c:<\/p><ul><li>skrzynki gazowe w wybranym kolorze,<\/li><li>detektor gazu,<\/li><li>zaw\u00f3r odcinaj\u0105cy,<\/li><li>ochron\u0119 katodow\u0105 (zbiorniki podziemne).<\/li><\/ul><p>Zapewniamy transport zbiornika wraz z posadowieniem go na p\u0142ycie betonowej.<\/p><p>Wszystkich klient\u00f3w, kt\u00f3rzy zdecydowali si\u0119 na ogrzewanie swojego domu\u00a0 gazem p\u0142ynnym zapewniamy, i\u017c jest to\u00a0 rozwi\u0105zanie <strong>ekologiczne, ekonomiczne, wygodne i bezpieczne<\/strong>.<\/p><p>Zapraszamy do kontaktu:<\/p><ol><li>Telefonicznie pod nr 507 031 651<\/li><li>Poprzez <a href=\"http:\/\/marrom.pl\/index.php\/formularz-kontaktowy-budowa-stacji-lpg-i-instalacji-przydomowych-2\/\">formularz kontaktowy<\/a>\u00a0<\/li><\/ol>\t\t\t\t\t<\/div>\n\t\t\t\t\t\t<\/div>\n\t\t\t\t<\/div>\n\t\t\t\t\t\t<\/div>\n\t\t\t\t\t<\/div>\n\t\t<\/div>\n\t\t\t\t\t\t\t\t<\/div>\n\t\t\t\t\t<\/div>\n\t\t<\/section>\n\t\t\t\t\t\t\t\t\t<\/div>\n\t\t\t<\/div>\n\t\t\t\t\t<\/div>\n\t\t","protected":false},"excerpt":{"rendered":"<p>Dla wszystkich tych, kt\u00f3rzy zdecyduj\u0105 si\u0119 na wykonanie instalacji grzewczej we w\u0142asnym zakresie oferujemy zakup zbiornika na gaz p\u0142ynny. Zbiornik jest nieodzownym elementem instalacji gazowej, gdy\u017c to w\u0142a\u015bnie w nim&nbsp;[ &hellip; ]<\/p>\n","protected":false},"author":1,"featured_media":0,"parent":0,"menu_order":0,"comment_status":"closed","ping_status":"closed","template":"page-templates\/template_fullwidth.php","meta":[],"_links":{"self":[{"href":"http:\/\/marrom.pl\/index.php\/wp-json\/wp\/v2\/pages\/352"}],"collection":[{"href":"http:\/\/marrom.pl\/index.php\/wp-json\/wp\/v2\/pages"}],"about":[{"href":"http:\/\/marrom.pl\/index.php\/wp-json\/wp\/v2\/types\/page"}],"author":[{"embeddable":true,"href":"http:\/\/marrom.pl\/index.php\/wp-json\/wp\/v2\/users\/1"}],"replies":[{"embeddable":true,"href":"http:\/\/marrom.pl\/index.php\/wp-json\/wp\/v2\/comments?post=352"}],"version-history":[{"count":17,"href":"http:\/\/marrom.pl\/index.php\/wp-json\/wp\/v2\/pages\/352\/revisions"}],"predecessor-version":[{"id":386,"href":"http:\/\/marrom.pl\/index.php\/wp-json\/wp\/v2\/pages\/352\/revisions\/386"}],"wp:attachment":[{"href":"http:\/\/marrom.pl\/index.php\/wp-json\/wp\/v2\/media?parent=352"}],"curies":[{"name":"wp","href":"https:\/\/api.w.org\/{rel}","templated":true}]}}