{"id":28,"date":"2019-08-27T21:15:02","date_gmt":"2019-08-27T19:15:02","guid":{"rendered":"http:\/\/marrom.pl\/?page_id=28"},"modified":"2022-01-13T09:23:09","modified_gmt":"2022-01-13T08:23:09","slug":"gaz-luzem","status":"publish","type":"page","link":"http:\/\/marrom.pl\/index.php\/gaz-luzem\/","title":{"rendered":"Dostawy gazu"},"content":{"rendered":"\t\t<div data-elementor-type=\"wp-page\" data-elementor-id=\"28\" class=\"elementor elementor-28\">\n\t\t\t\t\t\t<div class=\"elementor-inner\">\n\t\t\t\t<div class=\"elementor-section-wrap\">\n\t\t\t\t\t\t\t\t\t<section class=\"elementor-section elementor-top-section elementor-element elementor-element-24695ad8 elementor-section-boxed elementor-section-height-default elementor-section-height-default\" data-id=\"24695ad8\" data-element_type=\"section\">\n\t\t\t\t\t\t<div class=\"elementor-container elementor-column-gap-default\">\n\t\t\t\t\t\t\t<div class=\"elementor-row\">\n\t\t\t\t\t<div class=\"elementor-column elementor-col-100 elementor-top-column elementor-element elementor-element-1dd1bd43\" data-id=\"1dd1bd43\" data-element_type=\"column\">\n\t\t\t<div class=\"elementor-column-wrap elementor-element-populated\">\n\t\t\t\t\t\t\t<div class=\"elementor-widget-wrap\">\n\t\t\t\t\t\t<div class=\"elementor-element elementor-element-2ab2a001 elementor-widget elementor-widget-text-editor\" data-id=\"2ab2a001\" data-element_type=\"widget\" data-widget_type=\"text-editor.default\">\n\t\t\t\t<div class=\"elementor-widget-container\">\n\t\t\t\t\t\t\t\t<div class=\"elementor-text-editor elementor-clearfix\">\n\t\t\t\t<header class=\"entry-header\"><p class=\"entry-title\"><span style=\"font-size: 16px;\">Gaz LPG \u2013 produkt wysokiej jako\u015bci, spe\u0142niaj\u0105cy wymagania normy EN-589 pochodz\u0105cy tylko ze sprawdzonych i wiarygodnych firm (\u015bwiadectwo jako\u015bci przy dostawie produktu).<\/span><\/p><\/header><div class=\"entry-content\"><p>Dostawy\/ odbiory w procedurze zawieszonego poboru akcyzy, z akcyz\u0105. Wszystkie dostawy gazu realizujemy w ci\u0105gu 48 godzin.<\/p><p><strong>Gwarantujemy:<\/strong><\/p><p class=\"wp-block-image\"><img loading=\"lazy\" class=\"wp-image-13 alignnone\" src=\"http:\/\/marrom.pl\/wp-content\/uploads\/2019\/08\/Gaz-p\u0142ynny-300x225.jpg\" alt=\"\" width=\"354\" height=\"265\" srcset=\"http:\/\/marrom.pl\/wp-content\/uploads\/2019\/08\/Gaz-p\u0142ynny-300x225.jpg 300w, http:\/\/marrom.pl\/wp-content\/uploads\/2019\/08\/Gaz-p\u0142ynny.jpg 640w\" sizes=\"(max-width: 354px) 100vw, 354px\" \/><\/p><ul><li>konkurencyjne ceny<\/li><li>najwy\u017csz\u0105 jako\u015b\u0107 gazu<\/li><li>terminowo\u015b\u0107, pewno\u015b\u0107 i bezpiecze\u0144stwo dostaw<\/li><li>profesjonaln\u0105 obs\u0142ug\u0119<\/li><\/ul><p>Zapraszamy do kontaktu:<\/p><ol><li>Telefonicznie pod nr +48 507 167 360<\/li><li>Poprzez\u00a0<a href=\"http:\/\/marrom.pl\/index.php\/formularz-kontaktowy-dostawy-gazu-lpg\/\">formularz kontaktowy<\/a>\u00a0<\/li><\/ol><\/div>\t\t\t\t\t<\/div>\n\t\t\t\t\t\t<\/div>\n\t\t\t\t<\/div>\n\t\t\t\t\t\t<\/div>\n\t\t\t\t\t<\/div>\n\t\t<\/div>\n\t\t\t\t\t\t\t\t<\/div>\n\t\t\t\t\t<\/div>\n\t\t<\/section>\n\t\t\t\t\t\t\t\t\t<\/div>\n\t\t\t<\/div>\n\t\t\t\t\t<\/div>\n\t\t","protected":false},"excerpt":{"rendered":"<p>Gaz LPG \u2013 produkt wysokiej jako\u015bci, spe\u0142niaj\u0105cy wymagania normy EN-589 pochodz\u0105cy tylko ze sprawdzonych i wiarygodnych firm (\u015bwiadectwo jako\u015bci przy dostawie produktu). Dostawy\/ odbiory w procedurze zawieszonego poboru akcyzy, z&nbsp;[ &hellip; ]<\/p>\n","protected":false},"author":1,"featured_media":0,"parent":0,"menu_order":0,"comment_status":"closed","ping_status":"closed","template":"page-templates\/template_fullwidth.php","meta":[],"_links":{"self":[{"href":"http:\/\/marrom.pl\/index.php\/wp-json\/wp\/v2\/pages\/28"}],"collection":[{"href":"http:\/\/marrom.pl\/index.php\/wp-json\/wp\/v2\/pages"}],"about":[{"href":"http:\/\/marrom.pl\/index.php\/wp-json\/wp\/v2\/types\/page"}],"author":[{"embeddable":true,"href":"http:\/\/marrom.pl\/index.php\/wp-json\/wp\/v2\/users\/1"}],"replies":[{"embeddable":true,"href":"http:\/\/marrom.pl\/index.php\/wp-json\/wp\/v2\/comments?post=28"}],"version-history":[{"count":9,"href":"http:\/\/marrom.pl\/index.php\/wp-json\/wp\/v2\/pages\/28\/revisions"}],"predecessor-version":[{"id":372,"href":"http:\/\/marrom.pl\/index.php\/wp-json\/wp\/v2\/pages\/28\/revisions\/372"}],"wp:attachment":[{"href":"http:\/\/marrom.pl\/index.php\/wp-json\/wp\/v2\/media?parent=28"}],"curies":[{"name":"wp","href":"https:\/\/api.w.org\/{rel}","templated":true}]}}