{"id":192,"date":"2020-09-16T14:20:02","date_gmt":"2020-09-16T12:20:02","guid":{"rendered":"http:\/\/marrom.pl\/?page_id=192"},"modified":"2021-01-27T12:54:51","modified_gmt":"2021-01-27T11:54:51","slug":"dofinansowanie","status":"publish","type":"page","link":"http:\/\/marrom.pl\/index.php\/dofinansowanie\/","title":{"rendered":"Dofinansowanie"},"content":{"rendered":"\t\t<div data-elementor-type=\"wp-page\" data-elementor-id=\"192\" class=\"elementor elementor-192\">\n\t\t\t\t\t\t<div class=\"elementor-inner\">\n\t\t\t\t<div class=\"elementor-section-wrap\">\n\t\t\t\t\t\t\t\t\t<section class=\"elementor-section elementor-top-section elementor-element elementor-element-24332db elementor-section-boxed elementor-section-height-default elementor-section-height-default\" data-id=\"24332db\" data-element_type=\"section\">\n\t\t\t\t\t\t<div class=\"elementor-container elementor-column-gap-default\">\n\t\t\t\t\t\t\t<div class=\"elementor-row\">\n\t\t\t\t\t<div class=\"elementor-column elementor-col-100 elementor-top-column elementor-element elementor-element-0cedb57\" data-id=\"0cedb57\" data-element_type=\"column\">\n\t\t\t<div class=\"elementor-column-wrap elementor-element-populated\">\n\t\t\t\t\t\t\t<div class=\"elementor-widget-wrap\">\n\t\t\t\t\t\t<div class=\"elementor-element elementor-element-bfb0a32 elementor-widget elementor-widget-image\" data-id=\"bfb0a32\" data-element_type=\"widget\" data-widget_type=\"image.default\">\n\t\t\t\t<div class=\"elementor-widget-container\">\n\t\t\t\t\t\t\t\t<div class=\"elementor-image\">\n\t\t\t\t\t\t\t\t\t\t\t\t<img width=\"1024\" height=\"98\" src=\"http:\/\/marrom.pl\/wp-content\/uploads\/2020\/09\/POZIOM-KOLOR-RPOFLAGA-RPMAZOWSZEEFRR-1024x98.jpg\" class=\"attachment-large size-large\" alt=\"\" loading=\"lazy\" srcset=\"http:\/\/marrom.pl\/wp-content\/uploads\/2020\/09\/POZIOM-KOLOR-RPOFLAGA-RPMAZOWSZEEFRR-1024x98.jpg 1024w, http:\/\/marrom.pl\/wp-content\/uploads\/2020\/09\/POZIOM-KOLOR-RPOFLAGA-RPMAZOWSZEEFRR-300x29.jpg 300w, http:\/\/marrom.pl\/wp-content\/uploads\/2020\/09\/POZIOM-KOLOR-RPOFLAGA-RPMAZOWSZEEFRR-768x74.jpg 768w, http:\/\/marrom.pl\/wp-content\/uploads\/2020\/09\/POZIOM-KOLOR-RPOFLAGA-RPMAZOWSZEEFRR-1536x148.jpg 1536w, http:\/\/marrom.pl\/wp-content\/uploads\/2020\/09\/POZIOM-KOLOR-RPOFLAGA-RPMAZOWSZEEFRR-2048x197.jpg 2048w, http:\/\/marrom.pl\/wp-content\/uploads\/2020\/09\/POZIOM-KOLOR-RPOFLAGA-RPMAZOWSZEEFRR-710x68.jpg 710w\" sizes=\"(max-width: 1024px) 100vw, 1024px\" \/>\t\t\t\t\t\t\t\t\t\t\t\t\t\t<\/div>\n\t\t\t\t\t\t<\/div>\n\t\t\t\t<\/div>\n\t\t\t\t\t\t<\/div>\n\t\t\t\t\t<\/div>\n\t\t<\/div>\n\t\t\t\t\t\t\t\t<\/div>\n\t\t\t\t\t<\/div>\n\t\t<\/section>\n\t\t\t\t<section class=\"elementor-section elementor-top-section elementor-element elementor-element-c6191c8 elementor-section-boxed elementor-section-height-default elementor-section-height-default\" data-id=\"c6191c8\" data-element_type=\"section\">\n\t\t\t\t\t\t<div class=\"elementor-container elementor-column-gap-default\">\n\t\t\t\t\t\t\t<div class=\"elementor-row\">\n\t\t\t\t\t<div class=\"elementor-column elementor-col-100 elementor-top-column elementor-element elementor-element-527fcee\" data-id=\"527fcee\" data-element_type=\"column\">\n\t\t\t<div class=\"elementor-column-wrap elementor-element-populated\">\n\t\t\t\t\t\t\t<div class=\"elementor-widget-wrap\">\n\t\t\t\t\t\t<div class=\"elementor-element elementor-element-baface5 elementor-widget elementor-widget-text-editor\" data-id=\"baface5\" data-element_type=\"widget\" data-widget_type=\"text-editor.default\">\n\t\t\t\t<div class=\"elementor-widget-container\">\n\t\t\t\t\t\t\t\t<div class=\"elementor-text-editor elementor-clearfix\">\n\t\t\t\t<p style=\"font-weight: 400;\">MARIAN JANISZEK I WSP\u00d3LNICY SP\u00d3\u0141KA JAWNA MAR-ROM<\/p>\n<p style=\"font-weight: 400;\">realizuje projekt dofinansowany z Funduszy Europejskich<\/p>\n<p style=\"font-weight: 400;\">Elektrownia S\u0142oneczna MAR-ROM Sp.J.<\/p>\n<p>Celem projektu jest poprawa efektywno\u015bci energetycznej poprzez zakup, monta\u017c i rozpocz\u0119cie produkcji energii elektrycznej pozyskiwanej z promieniowania s\u0142onecznego.<\/p>\n<ul>\n<li>Ca\u0142kowita warto\u015b\u0107 projektu wynosi:<strong> 1 968 399,75 PLN<\/strong><\/li>\n<li>Ca\u0142kowite wydatki kwalifikowalne Projektu wynosz\u0105:<strong> 1 436 825,00 PLN<\/strong><\/li>\n<li>Warto\u015b\u0107 dofinansowania:<strong> 862 095,00<\/strong><\/li>\n<\/ul>\t\t\t\t\t<\/div>\n\t\t\t\t\t\t<\/div>\n\t\t\t\t<\/div>\n\t\t\t\t\t\t<\/div>\n\t\t\t\t\t<\/div>\n\t\t<\/div>\n\t\t\t\t\t\t\t\t<\/div>\n\t\t\t\t\t<\/div>\n\t\t<\/section>\n\t\t\t\t<section class=\"elementor-section elementor-top-section elementor-element elementor-element-f26ce9f elementor-section-boxed elementor-section-height-default elementor-section-height-default\" data-id=\"f26ce9f\" data-element_type=\"section\">\n\t\t\t\t\t\t<div class=\"elementor-container elementor-column-gap-default\">\n\t\t\t\t\t\t\t<div class=\"elementor-row\">\n\t\t\t\t\t<div class=\"elementor-column elementor-col-100 elementor-top-column elementor-element elementor-element-0d6180f\" data-id=\"0d6180f\" data-element_type=\"column\">\n\t\t\t<div class=\"elementor-column-wrap elementor-element-populated\">\n\t\t\t\t\t\t\t<div class=\"elementor-widget-wrap\">\n\t\t\t\t\t\t<div class=\"elementor-element elementor-element-82cb94f elementor-widget-divider--view-line elementor-widget elementor-widget-divider\" data-id=\"82cb94f\" data-element_type=\"widget\" data-widget_type=\"divider.default\">\n\t\t\t\t<div class=\"elementor-widget-container\">\n\t\t\t\t\t<div class=\"elementor-divider\">\n\t\t\t<span class=\"elementor-divider-separator\">\n\t\t\t\t\t\t<\/span>\n\t\t<\/div>\n\t\t\t\t<\/div>\n\t\t\t\t<\/div>\n\t\t\t\t\t\t<\/div>\n\t\t\t\t\t<\/div>\n\t\t<\/div>\n\t\t\t\t\t\t\t\t<\/div>\n\t\t\t\t\t<\/div>\n\t\t<\/section>\n\t\t\t\t<section class=\"elementor-section elementor-top-section elementor-element elementor-element-0bc6010 elementor-section-boxed elementor-section-height-default elementor-section-height-default\" data-id=\"0bc6010\" data-element_type=\"section\">\n\t\t\t\t\t\t<div class=\"elementor-container elementor-column-gap-default\">\n\t\t\t\t\t\t\t<div class=\"elementor-row\">\n\t\t\t\t\t<div class=\"elementor-column elementor-col-100 elementor-top-column elementor-element elementor-element-8d50dc0\" data-id=\"8d50dc0\" data-element_type=\"column\">\n\t\t\t<div class=\"elementor-column-wrap elementor-element-populated\">\n\t\t\t\t\t\t\t<div class=\"elementor-widget-wrap\">\n\t\t\t\t\t\t<div class=\"elementor-element elementor-element-ba55c07 elementor-widget elementor-widget-text-editor\" data-id=\"ba55c07\" data-element_type=\"widget\" data-widget_type=\"text-editor.default\">\n\t\t\t\t<div class=\"elementor-widget-container\">\n\t\t\t\t\t\t\t\t<div class=\"elementor-text-editor elementor-clearfix\">\n\t\t\t\t<p>MARIAN JANISZEK I WSP\u00d3LNICY SP\u00d3\u0141KA JAWNA MAR-ROM<\/p><p>realizuje projekt dofinansowany z Funduszy Europejskich<\/p><p>&#8222;Dzia\u0142anie 3.4 Dotacje na kapita\u0142 obrotowy Programu Operacyjnego Inteligentny Rozw\u00f3j 2014-2020 nr.umowy :POIR.03.04.00-14-1117\/20-00&#8221;<\/p>\t\t\t\t\t<\/div>\n\t\t\t\t\t\t<\/div>\n\t\t\t\t<\/div>\n\t\t\t\t\t\t<\/div>\n\t\t\t\t\t<\/div>\n\t\t<\/div>\n\t\t\t\t\t\t\t\t<\/div>\n\t\t\t\t\t<\/div>\n\t\t<\/section>\n\t\t\t\t\t\t\t\t\t<\/div>\n\t\t\t<\/div>\n\t\t\t\t\t<\/div>\n\t\t","protected":false},"excerpt":{"rendered":"<p>MARIAN JANISZEK I WSP\u00d3LNICY SP\u00d3\u0141KA JAWNA MAR-ROM realizuje projekt dofinansowany z Funduszy Europejskich Elektrownia S\u0142oneczna MAR-ROM Sp.J. Celem projektu jest poprawa efektywno\u015bci energetycznej poprzez zakup, monta\u017c i rozpocz\u0119cie produkcji energii&nbsp;[ &hellip; ]<\/p>\n","protected":false},"author":1,"featured_media":0,"parent":0,"menu_order":0,"comment_status":"closed","ping_status":"closed","template":"elementor_header_footer","meta":[],"_links":{"self":[{"href":"http:\/\/marrom.pl\/index.php\/wp-json\/wp\/v2\/pages\/192"}],"collection":[{"href":"http:\/\/marrom.pl\/index.php\/wp-json\/wp\/v2\/pages"}],"about":[{"href":"http:\/\/marrom.pl\/index.php\/wp-json\/wp\/v2\/types\/page"}],"author":[{"embeddable":true,"href":"http:\/\/marrom.pl\/index.php\/wp-json\/wp\/v2\/users\/1"}],"replies":[{"embeddable":true,"href":"http:\/\/marrom.pl\/index.php\/wp-json\/wp\/v2\/comments?post=192"}],"version-history":[{"count":9,"href":"http:\/\/marrom.pl\/index.php\/wp-json\/wp\/v2\/pages\/192\/revisions"}],"predecessor-version":[{"id":225,"href":"http:\/\/marrom.pl\/index.php\/wp-json\/wp\/v2\/pages\/192\/revisions\/225"}],"wp:attachment":[{"href":"http:\/\/marrom.pl\/index.php\/wp-json\/wp\/v2\/media?parent=192"}],"curies":[{"name":"wp","href":"https:\/\/api.w.org\/{rel}","templated":true}]}}